{"id":87,"date":"2020-06-23T09:45:47","date_gmt":"2020-06-23T07:45:47","guid":{"rendered":"http:\/\/powiatopatow.home.pl\/pztw\/?page_id=87"},"modified":"2022-08-19T07:38:05","modified_gmt":"2022-08-19T05:38:05","slug":"bip","status":"publish","type":"page","link":"https:\/\/pztopatow.pl\/index.php\/bip\/","title":{"rendered":"Kontakt"},"content":{"rendered":"\n<p>Powiatowy Zak\u0142ad Transportu w Opatowie<\/p>\n\n\n\n<p>Adres: ul. Henryka Sienkiewicza 17, 27-500 Opat\u00f3w<br>Tel. 797994810<br>Fax: 15 8684721<br>email: biuro@pztopatow.pl<br>NIP: 8631703749<br>REGON: 384165249<br>R-k bankowy: 90 8493 0004 0120 0347 8118 0001<br>Dyrektor: Renata Dobrowolska<\/p>\n","protected":false},"excerpt":{"rendered":"<p>Powiatowy Zak\u0142ad Transportu w Opatowie Adres: ul. Henryka Sienkiewicza 17, 27-500 Opat\u00f3wTel. 797994810Fax: 15 8684721email: biuro@pztopatow.plNIP: 8631703749REGON: 384165249R-k bankowy: 90 8493 0004 0120 0347 8118 0001Dyrektor: Renata Dobrowolska<\/p>\n","protected":false},"author":1,"featured_media":0,"parent":0,"menu_order":0,"comment_status":"closed","ping_status":"closed","template":"","meta":{"inline_featured_image":false,"footnotes":""},"class_list":["post-87","page","type-page","status-publish","hentry"],"yoast_head":"<!-- This site is optimized with the Yoast SEO plugin v24.3 - https:\/\/yoast.com\/wordpress\/plugins\/seo\/ -->\n<title>Kontakt - Powiatowy Zak\u0142ad Transportu<\/title>\n<meta name=\"robots\" content=\"index, follow, max-snippet:-1, max-image-preview:large, max-video-preview:-1\" \/>\n<link rel=\"canonical\" href=\"https:\/\/pztopatow.pl\/index.php\/bip\/\" \/>\n<meta property=\"og:locale\" content=\"pl_PL\" \/>\n<meta property=\"og:type\" content=\"article\" \/>\n<meta property=\"og:title\" content=\"Kontakt - Powiatowy Zak\u0142ad Transportu\" \/>\n<meta property=\"og:description\" content=\"Powiatowy Zak\u0142ad Transportu w Opatowie Adres: ul. Henryka Sienkiewicza 17, 27-500 Opat\u00f3wTel. 797994810Fax: 15 8684721email: biuro@pztopatow.plNIP: 8631703749REGON: 384165249R-k bankowy: 90 8493 0004 0120 0347 8118 0001Dyrektor: Renata Dobrowolska\" \/>\n<meta property=\"og:url\" content=\"https:\/\/pztopatow.pl\/index.php\/bip\/\" \/>\n<meta property=\"og:site_name\" content=\"Powiatowy Zak\u0142ad Transportu\" \/>\n<meta property=\"article:modified_time\" content=\"2022-08-19T05:38:05+00:00\" \/>\n<meta name=\"twitter:card\" content=\"summary_large_image\" \/>\n<script type=\"application\/ld+json\" class=\"yoast-schema-graph\">{\"@context\":\"https:\/\/schema.org\",\"@graph\":[{\"@type\":\"WebPage\",\"@id\":\"https:\/\/pztopatow.pl\/index.php\/bip\/\",\"url\":\"https:\/\/pztopatow.pl\/index.php\/bip\/\",\"name\":\"Kontakt - Powiatowy Zak\u0142ad Transportu\",\"isPartOf\":{\"@id\":\"https:\/\/pztopatow.pl\/#website\"},\"datePublished\":\"2020-06-23T07:45:47+00:00\",\"dateModified\":\"2022-08-19T05:38:05+00:00\",\"breadcrumb\":{\"@id\":\"https:\/\/pztopatow.pl\/index.php\/bip\/#breadcrumb\"},\"inLanguage\":\"pl-PL\",\"potentialAction\":[{\"@type\":\"ReadAction\",\"target\":[\"https:\/\/pztopatow.pl\/index.php\/bip\/\"]}]},{\"@type\":\"BreadcrumbList\",\"@id\":\"https:\/\/pztopatow.pl\/index.php\/bip\/#breadcrumb\",\"itemListElement\":[{\"@type\":\"ListItem\",\"position\":1,\"name\":\"Strona g\u0142\u00f3wna\",\"item\":\"https:\/\/pztopatow.pl\/\"},{\"@type\":\"ListItem\",\"position\":2,\"name\":\"Kontakt\"}]},{\"@type\":\"WebSite\",\"@id\":\"https:\/\/pztopatow.pl\/#website\",\"url\":\"https:\/\/pztopatow.pl\/\",\"name\":\"Powiatowy Zak\u0142ad Transportu\",\"description\":\"\",\"publisher\":{\"@id\":\"https:\/\/pztopatow.pl\/#organization\"},\"potentialAction\":[{\"@type\":\"SearchAction\",\"target\":{\"@type\":\"EntryPoint\",\"urlTemplate\":\"https:\/\/pztopatow.pl\/?s={search_term_string}\"},\"query-input\":{\"@type\":\"PropertyValueSpecification\",\"valueRequired\":true,\"valueName\":\"search_term_string\"}}],\"inLanguage\":\"pl-PL\"},{\"@type\":\"Organization\",\"@id\":\"https:\/\/pztopatow.pl\/#organization\",\"name\":\"Powiatowy Zak\u0142ad Transportu\",\"url\":\"https:\/\/pztopatow.pl\/\",\"logo\":{\"@type\":\"ImageObject\",\"inLanguage\":\"pl-PL\",\"@id\":\"https:\/\/pztopatow.pl\/#\/schema\/logo\/image\/\",\"url\":\"https:\/\/pztopatow.pl\/wp-content\/uploads\/2020\/06\/cropped-PZT-LOGO-Corel-X4-PNG-1.png\",\"contentUrl\":\"https:\/\/pztopatow.pl\/wp-content\/uploads\/2020\/06\/cropped-PZT-LOGO-Corel-X4-PNG-1.png\",\"width\":248,\"height\":250,\"caption\":\"Powiatowy Zak\u0142ad Transportu\"},\"image\":{\"@id\":\"https:\/\/pztopatow.pl\/#\/schema\/logo\/image\/\"}}]}<\/script>\n<!-- \/ Yoast SEO plugin. -->","yoast_head_json":{"title":"Kontakt - Powiatowy Zak\u0142ad Transportu","robots":{"index":"index","follow":"follow","max-snippet":"max-snippet:-1","max-image-preview":"max-image-preview:large","max-video-preview":"max-video-preview:-1"},"canonical":"https:\/\/pztopatow.pl\/index.php\/bip\/","og_locale":"pl_PL","og_type":"article","og_title":"Kontakt - Powiatowy Zak\u0142ad Transportu","og_description":"Powiatowy Zak\u0142ad Transportu w Opatowie Adres: ul. Henryka Sienkiewicza 17, 27-500 Opat\u00f3wTel. 797994810Fax: 15 8684721email: biuro@pztopatow.plNIP: 8631703749REGON: 384165249R-k bankowy: 90 8493 0004 0120 0347 8118 0001Dyrektor: Renata Dobrowolska","og_url":"https:\/\/pztopatow.pl\/index.php\/bip\/","og_site_name":"Powiatowy Zak\u0142ad Transportu","article_modified_time":"2022-08-19T05:38:05+00:00","twitter_card":"summary_large_image","schema":{"@context":"https:\/\/schema.org","@graph":[{"@type":"WebPage","@id":"https:\/\/pztopatow.pl\/index.php\/bip\/","url":"https:\/\/pztopatow.pl\/index.php\/bip\/","name":"Kontakt - Powiatowy Zak\u0142ad Transportu","isPartOf":{"@id":"https:\/\/pztopatow.pl\/#website"},"datePublished":"2020-06-23T07:45:47+00:00","dateModified":"2022-08-19T05:38:05+00:00","breadcrumb":{"@id":"https:\/\/pztopatow.pl\/index.php\/bip\/#breadcrumb"},"inLanguage":"pl-PL","potentialAction":[{"@type":"ReadAction","target":["https:\/\/pztopatow.pl\/index.php\/bip\/"]}]},{"@type":"BreadcrumbList","@id":"https:\/\/pztopatow.pl\/index.php\/bip\/#breadcrumb","itemListElement":[{"@type":"ListItem","position":1,"name":"Strona g\u0142\u00f3wna","item":"https:\/\/pztopatow.pl\/"},{"@type":"ListItem","position":2,"name":"Kontakt"}]},{"@type":"WebSite","@id":"https:\/\/pztopatow.pl\/#website","url":"https:\/\/pztopatow.pl\/","name":"Powiatowy Zak\u0142ad Transportu","description":"","publisher":{"@id":"https:\/\/pztopatow.pl\/#organization"},"potentialAction":[{"@type":"SearchAction","target":{"@type":"EntryPoint","urlTemplate":"https:\/\/pztopatow.pl\/?s={search_term_string}"},"query-input":{"@type":"PropertyValueSpecification","valueRequired":true,"valueName":"search_term_string"}}],"inLanguage":"pl-PL"},{"@type":"Organization","@id":"https:\/\/pztopatow.pl\/#organization","name":"Powiatowy Zak\u0142ad Transportu","url":"https:\/\/pztopatow.pl\/","logo":{"@type":"ImageObject","inLanguage":"pl-PL","@id":"https:\/\/pztopatow.pl\/#\/schema\/logo\/image\/","url":"https:\/\/pztopatow.pl\/wp-content\/uploads\/2020\/06\/cropped-PZT-LOGO-Corel-X4-PNG-1.png","contentUrl":"https:\/\/pztopatow.pl\/wp-content\/uploads\/2020\/06\/cropped-PZT-LOGO-Corel-X4-PNG-1.png","width":248,"height":250,"caption":"Powiatowy Zak\u0142ad Transportu"},"image":{"@id":"https:\/\/pztopatow.pl\/#\/schema\/logo\/image\/"}}]}},"_links":{"self":[{"href":"https:\/\/pztopatow.pl\/index.php\/wp-json\/wp\/v2\/pages\/87","targetHints":{"allow":["GET"]}}],"collection":[{"href":"https:\/\/pztopatow.pl\/index.php\/wp-json\/wp\/v2\/pages"}],"about":[{"href":"https:\/\/pztopatow.pl\/index.php\/wp-json\/wp\/v2\/types\/page"}],"author":[{"embeddable":true,"href":"https:\/\/pztopatow.pl\/index.php\/wp-json\/wp\/v2\/users\/1"}],"replies":[{"embeddable":true,"href":"https:\/\/pztopatow.pl\/index.php\/wp-json\/wp\/v2\/comments?post=87"}],"version-history":[{"count":6,"href":"https:\/\/pztopatow.pl\/index.php\/wp-json\/wp\/v2\/pages\/87\/revisions"}],"predecessor-version":[{"id":3017,"href":"https:\/\/pztopatow.pl\/index.php\/wp-json\/wp\/v2\/pages\/87\/revisions\/3017"}],"wp:attachment":[{"href":"https:\/\/pztopatow.pl\/index.php\/wp-json\/wp\/v2\/media?parent=87"}],"curies":[{"name":"wp","href":"https:\/\/api.w.org\/{rel}","templated":true}]}}