{"id":814,"date":"2021-10-28T13:00:10","date_gmt":"2021-10-28T11:00:10","guid":{"rendered":"https:\/\/pzt.opatow.pl\/?page_id=814"},"modified":"2022-10-13T11:31:37","modified_gmt":"2022-10-13T09:31:37","slug":"wlostow","status":"publish","type":"page","link":"https:\/\/pztopatow.pl\/index.php\/rozklad-jazdy\/wlostow\/","title":{"rendered":"W\u0142ost\u00f3w"},"content":{"rendered":"\n<figure class=\"wp-block-image size-large\"><img loading=\"lazy\" decoding=\"async\" width=\"1024\" height=\"951\" src=\"https:\/\/pztopatow.pl\/wp-content\/uploads\/2022\/10\/rozklad-L76-9-1024x951.jpg\" alt=\"\" class=\"wp-image-3342\" srcset=\"https:\/\/pztopatow.pl\/wp-content\/uploads\/2022\/10\/rozklad-L76-9-1024x951.jpg 1024w, https:\/\/pztopatow.pl\/wp-content\/uploads\/2022\/10\/rozklad-L76-9-300x279.jpg 300w, https:\/\/pztopatow.pl\/wp-content\/uploads\/2022\/10\/rozklad-L76-9-768x713.jpg 768w, https:\/\/pztopatow.pl\/wp-content\/uploads\/2022\/10\/rozklad-L76-9.jpg 1240w\" sizes=\"auto, (max-width: 706px) 89vw, (max-width: 767px) 82vw, 740px\" \/><\/figure>\n\n\n\n<figure class=\"wp-block-image size-large\"><img loading=\"lazy\" decoding=\"async\" width=\"1024\" height=\"488\" src=\"https:\/\/pzt.opatow.pl\/wp-content\/uploads\/2022\/04\/gotowe-67-skadrowane28-1024x488.jpg\" alt=\"\" class=\"wp-image-2733\" srcset=\"https:\/\/pztopatow.pl\/wp-content\/uploads\/2022\/04\/gotowe-67-skadrowane28-1024x488.jpg 1024w, https:\/\/pztopatow.pl\/wp-content\/uploads\/2022\/04\/gotowe-67-skadrowane28-300x143.jpg 300w, https:\/\/pztopatow.pl\/wp-content\/uploads\/2022\/04\/gotowe-67-skadrowane28-768x366.jpg 768w, https:\/\/pztopatow.pl\/wp-content\/uploads\/2022\/04\/gotowe-67-skadrowane28.jpg 1240w\" sizes=\"auto, (max-width: 706px) 89vw, (max-width: 767px) 82vw, 740px\" \/><\/figure>\n\n\n\n<figure class=\"wp-block-image size-large\"><img loading=\"lazy\" decoding=\"async\" width=\"1024\" height=\"790\" src=\"https:\/\/pztopatow.pl\/wp-content\/uploads\/2022\/10\/rozklad-L69-14-1024x790.jpg\" alt=\"\" class=\"wp-image-3186\" srcset=\"https:\/\/pztopatow.pl\/wp-content\/uploads\/2022\/10\/rozklad-L69-14-1024x790.jpg 1024w, https:\/\/pztopatow.pl\/wp-content\/uploads\/2022\/10\/rozklad-L69-14-300x232.jpg 300w, https:\/\/pztopatow.pl\/wp-content\/uploads\/2022\/10\/rozklad-L69-14-768x593.jpg 768w, https:\/\/pztopatow.pl\/wp-content\/uploads\/2022\/10\/rozklad-L69-14.jpg 1240w\" sizes=\"auto, (max-width: 706px) 89vw, (max-width: 767px) 82vw, 740px\" \/><\/figure>\n\n\n\n<figure class=\"wp-block-image size-large\"><img loading=\"lazy\" decoding=\"async\" width=\"1024\" height=\"429\" src=\"https:\/\/pztopatow.pl\/wp-content\/uploads\/2022\/10\/rozklad-L75-01-16-1024x429.jpg\" alt=\"\" class=\"wp-image-3280\" srcset=\"https:\/\/pztopatow.pl\/wp-content\/uploads\/2022\/10\/rozklad-L75-01-16-1024x429.jpg 1024w, https:\/\/pztopatow.pl\/wp-content\/uploads\/2022\/10\/rozklad-L75-01-16-300x126.jpg 300w, https:\/\/pztopatow.pl\/wp-content\/uploads\/2022\/10\/rozklad-L75-01-16-768x322.jpg 768w, https:\/\/pztopatow.pl\/wp-content\/uploads\/2022\/10\/rozklad-L75-01-16.jpg 1240w\" sizes=\"auto, (max-width: 706px) 89vw, (max-width: 767px) 82vw, 740px\" \/><\/figure>\n\n\n\n<figure class=\"wp-block-image size-large\"><img loading=\"lazy\" decoding=\"async\" width=\"1024\" height=\"429\" src=\"https:\/\/pztopatow.pl\/wp-content\/uploads\/2022\/10\/rozklad-L75-01-17-1024x429.jpg\" alt=\"\" class=\"wp-image-3282\" srcset=\"https:\/\/pztopatow.pl\/wp-content\/uploads\/2022\/10\/rozklad-L75-01-17-1024x429.jpg 1024w, https:\/\/pztopatow.pl\/wp-content\/uploads\/2022\/10\/rozklad-L75-01-17-300x126.jpg 300w, https:\/\/pztopatow.pl\/wp-content\/uploads\/2022\/10\/rozklad-L75-01-17-768x322.jpg 768w, https:\/\/pztopatow.pl\/wp-content\/uploads\/2022\/10\/rozklad-L75-01-17.jpg 1240w\" sizes=\"auto, (max-width: 706px) 89vw, (max-width: 767px) 82vw, 740px\" \/><\/figure>\n\n\n\n<figure class=\"wp-block-image size-large\"><img loading=\"lazy\" decoding=\"async\" width=\"1024\" height=\"390\" src=\"https:\/\/pzt.opatow.pl\/wp-content\/uploads\/2021\/10\/rozklad-L45-Slabuszewice-A511-1024x390.jpg\" alt=\"\" class=\"wp-image-817\" srcset=\"https:\/\/pztopatow.pl\/wp-content\/uploads\/2021\/10\/rozklad-L45-Slabuszewice-A511-1024x390.jpg 1024w, https:\/\/pztopatow.pl\/wp-content\/uploads\/2021\/10\/rozklad-L45-Slabuszewice-A511-300x114.jpg 300w, https:\/\/pztopatow.pl\/wp-content\/uploads\/2021\/10\/rozklad-L45-Slabuszewice-A511-768x292.jpg 768w, https:\/\/pztopatow.pl\/wp-content\/uploads\/2021\/10\/rozklad-L45-Slabuszewice-A511.jpg 1240w\" sizes=\"auto, (max-width: 706px) 89vw, (max-width: 767px) 82vw, 740px\" \/><\/figure>\n\n\n\n<figure class=\"wp-block-image size-large\"><img loading=\"lazy\" decoding=\"async\" width=\"1024\" height=\"390\" src=\"https:\/\/pzt.opatow.pl\/wp-content\/uploads\/2021\/10\/rozklad-L45-Slabuszewice-A527-1024x390.jpg\" alt=\"\" class=\"wp-image-818\" srcset=\"https:\/\/pztopatow.pl\/wp-content\/uploads\/2021\/10\/rozklad-L45-Slabuszewice-A527-1024x390.jpg 1024w, https:\/\/pztopatow.pl\/wp-content\/uploads\/2021\/10\/rozklad-L45-Slabuszewice-A527-300x114.jpg 300w, https:\/\/pztopatow.pl\/wp-content\/uploads\/2021\/10\/rozklad-L45-Slabuszewice-A527-768x292.jpg 768w, https:\/\/pztopatow.pl\/wp-content\/uploads\/2021\/10\/rozklad-L45-Slabuszewice-A527.jpg 1240w\" sizes=\"auto, (max-width: 706px) 89vw, (max-width: 767px) 82vw, 740px\" \/><\/figure>\n\n\n\n<figure class=\"wp-block-image size-large\"><img loading=\"lazy\" decoding=\"async\" width=\"1024\" height=\"390\" src=\"https:\/\/pzt.opatow.pl\/wp-content\/uploads\/2021\/10\/rozklad-L45-Slabuszewice-A510-1024x390.jpg\" alt=\"\" class=\"wp-image-816\" srcset=\"https:\/\/pztopatow.pl\/wp-content\/uploads\/2021\/10\/rozklad-L45-Slabuszewice-A510-1024x390.jpg 1024w, https:\/\/pztopatow.pl\/wp-content\/uploads\/2021\/10\/rozklad-L45-Slabuszewice-A510-300x114.jpg 300w, https:\/\/pztopatow.pl\/wp-content\/uploads\/2021\/10\/rozklad-L45-Slabuszewice-A510-768x292.jpg 768w, https:\/\/pztopatow.pl\/wp-content\/uploads\/2021\/10\/rozklad-L45-Slabuszewice-A510.jpg 1240w\" sizes=\"auto, (max-width: 706px) 89vw, (max-width: 767px) 82vw, 740px\" \/><\/figure>\n\n\n\n<figure class=\"wp-block-image size-large\"><img loading=\"lazy\" decoding=\"async\" width=\"1024\" height=\"390\" src=\"https:\/\/pzt.opatow.pl\/wp-content\/uploads\/2021\/10\/rozklad-L45-Slabuszewice-A528-1024x390.jpg\" alt=\"\" class=\"wp-image-819\" srcset=\"https:\/\/pztopatow.pl\/wp-content\/uploads\/2021\/10\/rozklad-L45-Slabuszewice-A528-1024x390.jpg 1024w, https:\/\/pztopatow.pl\/wp-content\/uploads\/2021\/10\/rozklad-L45-Slabuszewice-A528-300x114.jpg 300w, https:\/\/pztopatow.pl\/wp-content\/uploads\/2021\/10\/rozklad-L45-Slabuszewice-A528-768x292.jpg 768w, https:\/\/pztopatow.pl\/wp-content\/uploads\/2021\/10\/rozklad-L45-Slabuszewice-A528.jpg 1240w\" sizes=\"auto, (max-width: 706px) 89vw, (max-width: 767px) 82vw, 740px\" \/><\/figure>\n\n\n\n<figure class=\"wp-block-image size-large\"><img loading=\"lazy\" decoding=\"async\" width=\"1024\" height=\"463\" src=\"https:\/\/pzt.opatow.pl\/wp-content\/uploads\/2021\/11\/rozklad-L31-Mydlow-A55-1024x463.jpg\" alt=\"\" class=\"wp-image-2423\" srcset=\"https:\/\/pztopatow.pl\/wp-content\/uploads\/2021\/11\/rozklad-L31-Mydlow-A55-1024x463.jpg 1024w, https:\/\/pztopatow.pl\/wp-content\/uploads\/2021\/11\/rozklad-L31-Mydlow-A55-300x136.jpg 300w, https:\/\/pztopatow.pl\/wp-content\/uploads\/2021\/11\/rozklad-L31-Mydlow-A55-768x347.jpg 768w, https:\/\/pztopatow.pl\/wp-content\/uploads\/2021\/11\/rozklad-L31-Mydlow-A55.jpg 1240w\" sizes=\"auto, (max-width: 706px) 89vw, (max-width: 767px) 82vw, 740px\" \/><\/figure>\n\n\n\n<figure class=\"wp-block-image size-large\"><img loading=\"lazy\" decoding=\"async\" width=\"1024\" height=\"463\" src=\"https:\/\/pzt.opatow.pl\/wp-content\/uploads\/2021\/11\/rozklad-L31-Mydlow-A513-1024x463.jpg\" alt=\"\" class=\"wp-image-2424\" srcset=\"https:\/\/pztopatow.pl\/wp-content\/uploads\/2021\/11\/rozklad-L31-Mydlow-A513-1024x463.jpg 1024w, https:\/\/pztopatow.pl\/wp-content\/uploads\/2021\/11\/rozklad-L31-Mydlow-A513-300x136.jpg 300w, https:\/\/pztopatow.pl\/wp-content\/uploads\/2021\/11\/rozklad-L31-Mydlow-A513-768x347.jpg 768w, https:\/\/pztopatow.pl\/wp-content\/uploads\/2021\/11\/rozklad-L31-Mydlow-A513.jpg 1240w\" sizes=\"auto, (max-width: 706px) 89vw, (max-width: 767px) 82vw, 740px\" \/><\/figure>\n\n\n\n<figure class=\"wp-block-image size-large\"><img loading=\"lazy\" decoding=\"async\" width=\"1024\" height=\"527\" src=\"https:\/\/pztopatow.pl\/wp-content\/uploads\/2022\/10\/rozklad-L76-8-1024x527.jpg\" alt=\"\" class=\"wp-image-3340\" srcset=\"https:\/\/pztopatow.pl\/wp-content\/uploads\/2022\/10\/rozklad-L76-8-1024x527.jpg 1024w, https:\/\/pztopatow.pl\/wp-content\/uploads\/2022\/10\/rozklad-L76-8-300x154.jpg 300w, https:\/\/pztopatow.pl\/wp-content\/uploads\/2022\/10\/rozklad-L76-8-768x395.jpg 768w, https:\/\/pztopatow.pl\/wp-content\/uploads\/2022\/10\/rozklad-L76-8.jpg 1240w\" sizes=\"auto, (max-width: 706px) 89vw, (max-width: 767px) 82vw, 740px\" \/><\/figure>\n\n\n\n<figure class=\"wp-block-image size-large\"><img loading=\"lazy\" decoding=\"async\" width=\"1024\" height=\"463\" src=\"https:\/\/pzt.opatow.pl\/wp-content\/uploads\/2022\/04\/dodatkowe-rozklady-skadrowane33-1024x463.jpg\" alt=\"\" class=\"wp-image-2737\" srcset=\"https:\/\/pztopatow.pl\/wp-content\/uploads\/2022\/04\/dodatkowe-rozklady-skadrowane33-1024x463.jpg 1024w, https:\/\/pztopatow.pl\/wp-content\/uploads\/2022\/04\/dodatkowe-rozklady-skadrowane33-300x136.jpg 300w, https:\/\/pztopatow.pl\/wp-content\/uploads\/2022\/04\/dodatkowe-rozklady-skadrowane33-768x347.jpg 768w, https:\/\/pztopatow.pl\/wp-content\/uploads\/2022\/04\/dodatkowe-rozklady-skadrowane33.jpg 1240w\" sizes=\"auto, (max-width: 706px) 89vw, (max-width: 767px) 82vw, 740px\" \/><\/figure>\n\n\n\n<figure class=\"wp-block-image size-large\"><img loading=\"lazy\" decoding=\"async\" width=\"1024\" height=\"463\" src=\"https:\/\/pzt.opatow.pl\/wp-content\/uploads\/2021\/11\/rozklad-L31-Mydlow-A514-1024x463.jpg\" alt=\"\" class=\"wp-image-2425\" srcset=\"https:\/\/pztopatow.pl\/wp-content\/uploads\/2021\/11\/rozklad-L31-Mydlow-A514-1024x463.jpg 1024w, https:\/\/pztopatow.pl\/wp-content\/uploads\/2021\/11\/rozklad-L31-Mydlow-A514-300x136.jpg 300w, https:\/\/pztopatow.pl\/wp-content\/uploads\/2021\/11\/rozklad-L31-Mydlow-A514-768x347.jpg 768w, https:\/\/pztopatow.pl\/wp-content\/uploads\/2021\/11\/rozklad-L31-Mydlow-A514.jpg 1240w\" sizes=\"auto, (max-width: 706px) 89vw, (max-width: 767px) 82vw, 740px\" \/><\/figure>\n\n\n\n<figure class=\"wp-block-image size-large\"><img loading=\"lazy\" decoding=\"async\" width=\"1024\" height=\"707\" src=\"https:\/\/pzt.opatow.pl\/wp-content\/uploads\/2022\/04\/gotowe-67-skadrowane30-1024x707.jpg\" alt=\"\" class=\"wp-image-2736\" srcset=\"https:\/\/pztopatow.pl\/wp-content\/uploads\/2022\/04\/gotowe-67-skadrowane30-1024x707.jpg 1024w, https:\/\/pztopatow.pl\/wp-content\/uploads\/2022\/04\/gotowe-67-skadrowane30-300x207.jpg 300w, https:\/\/pztopatow.pl\/wp-content\/uploads\/2022\/04\/gotowe-67-skadrowane30-768x530.jpg 768w, https:\/\/pztopatow.pl\/wp-content\/uploads\/2022\/04\/gotowe-67-skadrowane30.jpg 1240w\" sizes=\"auto, (max-width: 706px) 89vw, (max-width: 767px) 82vw, 740px\" \/><\/figure>\n\n\n\n<figure class=\"wp-block-image size-large\"><img loading=\"lazy\" decoding=\"async\" width=\"1024\" height=\"366\" src=\"https:\/\/pzt.opatow.pl\/wp-content\/uploads\/2021\/11\/rozklad-L31-Mydlow-A515-1024x366.jpg\" alt=\"\" class=\"wp-image-2427\" srcset=\"https:\/\/pztopatow.pl\/wp-content\/uploads\/2021\/11\/rozklad-L31-Mydlow-A515-1024x366.jpg 1024w, https:\/\/pztopatow.pl\/wp-content\/uploads\/2021\/11\/rozklad-L31-Mydlow-A515-300x107.jpg 300w, https:\/\/pztopatow.pl\/wp-content\/uploads\/2021\/11\/rozklad-L31-Mydlow-A515-768x274.jpg 768w, https:\/\/pztopatow.pl\/wp-content\/uploads\/2021\/11\/rozklad-L31-Mydlow-A515.jpg 1240w\" sizes=\"auto, (max-width: 706px) 89vw, (max-width: 767px) 82vw, 740px\" \/><\/figure>\n\n\n\n<figure class=\"wp-block-image size-large\"><img loading=\"lazy\" decoding=\"async\" width=\"1024\" height=\"780\" src=\"https:\/\/pzt.opatow.pl\/wp-content\/uploads\/2022\/04\/gotowe-67-skadrowane29-1024x780.jpg\" alt=\"\" class=\"wp-image-2735\" srcset=\"https:\/\/pztopatow.pl\/wp-content\/uploads\/2022\/04\/gotowe-67-skadrowane29-1024x780.jpg 1024w, https:\/\/pztopatow.pl\/wp-content\/uploads\/2022\/04\/gotowe-67-skadrowane29-300x229.jpg 300w, https:\/\/pztopatow.pl\/wp-content\/uploads\/2022\/04\/gotowe-67-skadrowane29-768x585.jpg 768w, https:\/\/pztopatow.pl\/wp-content\/uploads\/2022\/04\/gotowe-67-skadrowane29.jpg 1240w\" sizes=\"auto, (max-width: 706px) 89vw, (max-width: 767px) 82vw, 740px\" \/><\/figure>\n\n\n\n<div class=\"wp-block-buttons is-horizontal is-content-justification-center is-layout-flex wp-container-core-buttons-is-layout-499968f5 wp-block-buttons-is-layout-flex\">\n<div class=\"wp-block-button is-style-outline is-style-outline--1\"><a class=\"wp-block-button__link\" href=\"https:\/\/pztopatow.pl\/index.php\/rozklad-jazdy\/\" style=\"border-radius:25px\">Wr\u00f3\u0107 do poprzedniej strony<\/a><\/div>\n<\/div>\n","protected":false},"excerpt":{"rendered":"","protected":false},"author":3,"featured_media":0,"parent":639,"menu_order":0,"comment_status":"closed","ping_status":"closed","template":"","meta":{"inline_featured_image":false,"footnotes":""},"class_list":["post-814","page","type-page","status-publish","hentry"],"yoast_head":"<!-- This site is optimized with the Yoast SEO plugin v24.3 - https:\/\/yoast.com\/wordpress\/plugins\/seo\/ -->\n<title>W\u0142ost\u00f3w - Powiatowy Zak\u0142ad Transportu<\/title>\n<meta name=\"robots\" content=\"index, follow, max-snippet:-1, max-image-preview:large, max-video-preview:-1\" \/>\n<link rel=\"canonical\" href=\"https:\/\/pztopatow.pl\/index.php\/rozklad-jazdy\/wlostow\/\" \/>\n<meta property=\"og:locale\" content=\"pl_PL\" \/>\n<meta property=\"og:type\" content=\"article\" \/>\n<meta property=\"og:title\" content=\"W\u0142ost\u00f3w - Powiatowy Zak\u0142ad Transportu\" \/>\n<meta property=\"og:url\" content=\"https:\/\/pztopatow.pl\/index.php\/rozklad-jazdy\/wlostow\/\" \/>\n<meta property=\"og:site_name\" content=\"Powiatowy Zak\u0142ad Transportu\" \/>\n<meta property=\"article:modified_time\" content=\"2022-10-13T09:31:37+00:00\" \/>\n<meta property=\"og:image\" content=\"http:\/\/pztopatow.pl\/wp-content\/uploads\/2022\/10\/rozklad-L76-9-1024x951.jpg\" \/>\n<meta name=\"twitter:card\" content=\"summary_large_image\" \/>\n<script type=\"application\/ld+json\" class=\"yoast-schema-graph\">{\"@context\":\"https:\/\/schema.org\",\"@graph\":[{\"@type\":\"WebPage\",\"@id\":\"https:\/\/pztopatow.pl\/index.php\/rozklad-jazdy\/wlostow\/\",\"url\":\"https:\/\/pztopatow.pl\/index.php\/rozklad-jazdy\/wlostow\/\",\"name\":\"W\u0142ost\u00f3w - Powiatowy Zak\u0142ad Transportu\",\"isPartOf\":{\"@id\":\"https:\/\/pztopatow.pl\/#website\"},\"primaryImageOfPage\":{\"@id\":\"https:\/\/pztopatow.pl\/index.php\/rozklad-jazdy\/wlostow\/#primaryimage\"},\"image\":{\"@id\":\"https:\/\/pztopatow.pl\/index.php\/rozklad-jazdy\/wlostow\/#primaryimage\"},\"thumbnailUrl\":\"http:\/\/pztopatow.pl\/wp-content\/uploads\/2022\/10\/rozklad-L76-9-1024x951.jpg\",\"datePublished\":\"2021-10-28T11:00:10+00:00\",\"dateModified\":\"2022-10-13T09:31:37+00:00\",\"breadcrumb\":{\"@id\":\"https:\/\/pztopatow.pl\/index.php\/rozklad-jazdy\/wlostow\/#breadcrumb\"},\"inLanguage\":\"pl-PL\",\"potentialAction\":[{\"@type\":\"ReadAction\",\"target\":[\"https:\/\/pztopatow.pl\/index.php\/rozklad-jazdy\/wlostow\/\"]}]},{\"@type\":\"ImageObject\",\"inLanguage\":\"pl-PL\",\"@id\":\"https:\/\/pztopatow.pl\/index.php\/rozklad-jazdy\/wlostow\/#primaryimage\",\"url\":\"https:\/\/pztopatow.pl\/wp-content\/uploads\/2022\/10\/rozklad-L76-9.jpg\",\"contentUrl\":\"https:\/\/pztopatow.pl\/wp-content\/uploads\/2022\/10\/rozklad-L76-9.jpg\",\"width\":1240,\"height\":1152},{\"@type\":\"BreadcrumbList\",\"@id\":\"https:\/\/pztopatow.pl\/index.php\/rozklad-jazdy\/wlostow\/#breadcrumb\",\"itemListElement\":[{\"@type\":\"ListItem\",\"position\":1,\"name\":\"Strona g\u0142\u00f3wna\",\"item\":\"https:\/\/pztopatow.pl\/\"},{\"@type\":\"ListItem\",\"position\":2,\"name\":\"Linie autobusowe\/Rozk\u0142ady\",\"item\":\"https:\/\/pztopatow.pl\/index.php\/rozklad-jazdy\/\"},{\"@type\":\"ListItem\",\"position\":3,\"name\":\"W\u0142ost\u00f3w\"}]},{\"@type\":\"WebSite\",\"@id\":\"https:\/\/pztopatow.pl\/#website\",\"url\":\"https:\/\/pztopatow.pl\/\",\"name\":\"Powiatowy Zak\u0142ad Transportu\",\"description\":\"\",\"publisher\":{\"@id\":\"https:\/\/pztopatow.pl\/#organization\"},\"potentialAction\":[{\"@type\":\"SearchAction\",\"target\":{\"@type\":\"EntryPoint\",\"urlTemplate\":\"https:\/\/pztopatow.pl\/?s={search_term_string}\"},\"query-input\":{\"@type\":\"PropertyValueSpecification\",\"valueRequired\":true,\"valueName\":\"search_term_string\"}}],\"inLanguage\":\"pl-PL\"},{\"@type\":\"Organization\",\"@id\":\"https:\/\/pztopatow.pl\/#organization\",\"name\":\"Powiatowy Zak\u0142ad Transportu\",\"url\":\"https:\/\/pztopatow.pl\/\",\"logo\":{\"@type\":\"ImageObject\",\"inLanguage\":\"pl-PL\",\"@id\":\"https:\/\/pztopatow.pl\/#\/schema\/logo\/image\/\",\"url\":\"https:\/\/pztopatow.pl\/wp-content\/uploads\/2020\/06\/cropped-PZT-LOGO-Corel-X4-PNG-1.png\",\"contentUrl\":\"https:\/\/pztopatow.pl\/wp-content\/uploads\/2020\/06\/cropped-PZT-LOGO-Corel-X4-PNG-1.png\",\"width\":248,\"height\":250,\"caption\":\"Powiatowy Zak\u0142ad Transportu\"},\"image\":{\"@id\":\"https:\/\/pztopatow.pl\/#\/schema\/logo\/image\/\"}}]}<\/script>\n<!-- \/ Yoast SEO plugin. -->","yoast_head_json":{"title":"W\u0142ost\u00f3w - Powiatowy Zak\u0142ad Transportu","robots":{"index":"index","follow":"follow","max-snippet":"max-snippet:-1","max-image-preview":"max-image-preview:large","max-video-preview":"max-video-preview:-1"},"canonical":"https:\/\/pztopatow.pl\/index.php\/rozklad-jazdy\/wlostow\/","og_locale":"pl_PL","og_type":"article","og_title":"W\u0142ost\u00f3w - Powiatowy Zak\u0142ad Transportu","og_url":"https:\/\/pztopatow.pl\/index.php\/rozklad-jazdy\/wlostow\/","og_site_name":"Powiatowy Zak\u0142ad Transportu","article_modified_time":"2022-10-13T09:31:37+00:00","og_image":[{"url":"http:\/\/pztopatow.pl\/wp-content\/uploads\/2022\/10\/rozklad-L76-9-1024x951.jpg","type":"","width":"","height":""}],"twitter_card":"summary_large_image","schema":{"@context":"https:\/\/schema.org","@graph":[{"@type":"WebPage","@id":"https:\/\/pztopatow.pl\/index.php\/rozklad-jazdy\/wlostow\/","url":"https:\/\/pztopatow.pl\/index.php\/rozklad-jazdy\/wlostow\/","name":"W\u0142ost\u00f3w - Powiatowy Zak\u0142ad Transportu","isPartOf":{"@id":"https:\/\/pztopatow.pl\/#website"},"primaryImageOfPage":{"@id":"https:\/\/pztopatow.pl\/index.php\/rozklad-jazdy\/wlostow\/#primaryimage"},"image":{"@id":"https:\/\/pztopatow.pl\/index.php\/rozklad-jazdy\/wlostow\/#primaryimage"},"thumbnailUrl":"http:\/\/pztopatow.pl\/wp-content\/uploads\/2022\/10\/rozklad-L76-9-1024x951.jpg","datePublished":"2021-10-28T11:00:10+00:00","dateModified":"2022-10-13T09:31:37+00:00","breadcrumb":{"@id":"https:\/\/pztopatow.pl\/index.php\/rozklad-jazdy\/wlostow\/#breadcrumb"},"inLanguage":"pl-PL","potentialAction":[{"@type":"ReadAction","target":["https:\/\/pztopatow.pl\/index.php\/rozklad-jazdy\/wlostow\/"]}]},{"@type":"ImageObject","inLanguage":"pl-PL","@id":"https:\/\/pztopatow.pl\/index.php\/rozklad-jazdy\/wlostow\/#primaryimage","url":"https:\/\/pztopatow.pl\/wp-content\/uploads\/2022\/10\/rozklad-L76-9.jpg","contentUrl":"https:\/\/pztopatow.pl\/wp-content\/uploads\/2022\/10\/rozklad-L76-9.jpg","width":1240,"height":1152},{"@type":"BreadcrumbList","@id":"https:\/\/pztopatow.pl\/index.php\/rozklad-jazdy\/wlostow\/#breadcrumb","itemListElement":[{"@type":"ListItem","position":1,"name":"Strona g\u0142\u00f3wna","item":"https:\/\/pztopatow.pl\/"},{"@type":"ListItem","position":2,"name":"Linie autobusowe\/Rozk\u0142ady","item":"https:\/\/pztopatow.pl\/index.php\/rozklad-jazdy\/"},{"@type":"ListItem","position":3,"name":"W\u0142ost\u00f3w"}]},{"@type":"WebSite","@id":"https:\/\/pztopatow.pl\/#website","url":"https:\/\/pztopatow.pl\/","name":"Powiatowy Zak\u0142ad Transportu","description":"","publisher":{"@id":"https:\/\/pztopatow.pl\/#organization"},"potentialAction":[{"@type":"SearchAction","target":{"@type":"EntryPoint","urlTemplate":"https:\/\/pztopatow.pl\/?s={search_term_string}"},"query-input":{"@type":"PropertyValueSpecification","valueRequired":true,"valueName":"search_term_string"}}],"inLanguage":"pl-PL"},{"@type":"Organization","@id":"https:\/\/pztopatow.pl\/#organization","name":"Powiatowy Zak\u0142ad Transportu","url":"https:\/\/pztopatow.pl\/","logo":{"@type":"ImageObject","inLanguage":"pl-PL","@id":"https:\/\/pztopatow.pl\/#\/schema\/logo\/image\/","url":"https:\/\/pztopatow.pl\/wp-content\/uploads\/2020\/06\/cropped-PZT-LOGO-Corel-X4-PNG-1.png","contentUrl":"https:\/\/pztopatow.pl\/wp-content\/uploads\/2020\/06\/cropped-PZT-LOGO-Corel-X4-PNG-1.png","width":248,"height":250,"caption":"Powiatowy Zak\u0142ad Transportu"},"image":{"@id":"https:\/\/pztopatow.pl\/#\/schema\/logo\/image\/"}}]}},"_links":{"self":[{"href":"https:\/\/pztopatow.pl\/index.php\/wp-json\/wp\/v2\/pages\/814","targetHints":{"allow":["GET"]}}],"collection":[{"href":"https:\/\/pztopatow.pl\/index.php\/wp-json\/wp\/v2\/pages"}],"about":[{"href":"https:\/\/pztopatow.pl\/index.php\/wp-json\/wp\/v2\/types\/page"}],"author":[{"embeddable":true,"href":"https:\/\/pztopatow.pl\/index.php\/wp-json\/wp\/v2\/users\/3"}],"replies":[{"embeddable":true,"href":"https:\/\/pztopatow.pl\/index.php\/wp-json\/wp\/v2\/comments?post=814"}],"version-history":[{"count":10,"href":"https:\/\/pztopatow.pl\/index.php\/wp-json\/wp\/v2\/pages\/814\/revisions"}],"predecessor-version":[{"id":3343,"href":"https:\/\/pztopatow.pl\/index.php\/wp-json\/wp\/v2\/pages\/814\/revisions\/3343"}],"up":[{"embeddable":true,"href":"https:\/\/pztopatow.pl\/index.php\/wp-json\/wp\/v2\/pages\/639"}],"wp:attachment":[{"href":"https:\/\/pztopatow.pl\/index.php\/wp-json\/wp\/v2\/media?parent=814"}],"curies":[{"name":"wp","href":"https:\/\/api.w.org\/{rel}","templated":true}]}}