{"id":628,"date":"2021-10-15T15:16:36","date_gmt":"2021-10-15T13:16:36","guid":{"rendered":"https:\/\/pzt.opatow.pl\/?page_id=628"},"modified":"2026-04-30T10:25:05","modified_gmt":"2026-04-30T08:25:05","slug":"rodo","status":"publish","type":"page","link":"https:\/\/pztopatow.pl\/index.php\/rodo\/","title":{"rendered":"RODO"},"content":{"rendered":"\n<h1 class=\"wp-block-heading has-text-align-center\">Klauzura RODO<\/h1>\n\n\n\n<p>Szanowni Pa\u0144stwo, poni\u017cej wyja\u015bnimy dla czego gromadzimy i przetwarzamy Pa\u0144stwa dane osobowe w ramach dzia\u0142alno\u015bci prowadzonej przez Powiatowy Zak\u0142ad Transportu Publicznego w&nbsp;Opatowie.<\/p>\n\n\n\n<p>I. DANE OSOBOWE<\/p>\n\n\n\n<p><strong>1. Co to s\u0105 dane osobowe ?<\/strong><\/p>\n\n\n\n<p>S\u0105 to wszystkie informacje, kt\u00f3re pozwalaj\u0105 w \u0142atwy spos\u00f3b zidentyfikowa\u0107 osob\u0119 fizyczn\u0105, odr\u00f3\u017cni\u0107 jednego cz\u0142owieka od drugiego. Mog\u0105 one dotyczy\u0107 wprost tej osoby (takie jak imi\u0119 i&nbsp;nazwisko, numer identyfikacyjny &#8211; PESEL), jak te\u017c mog\u0105 opisywa\u0107 j\u0105 po\u015brednio. Przyk\u0142adowo dotycz\u0105 jej cech, stanu zdrowia, pogl\u0105d\u00f3w, miejsca zamieszkania, na\u0142og\u00f3w, rasy lub wyznania.<\/p>\n\n\n\n<p><strong>2. O jakich danych osobowych m\u00f3wimy w naszym przypadku ?<\/strong><\/p>\n\n\n\n<p>Przetwarzamy dane, kt\u00f3re przekazujecie nam Pa\u0144stwo w zwi\u0105zku z zakupem bilet\u00f3w miesi\u0119cznych, wynajmem transportu i organizacj\u0105 przewoz\u00f3w okazjonalnych.<\/p>\n\n\n\n<p><strong>3. Co to znaczy przetwarzanie danych ?<\/strong><\/p>\n\n\n\n<p>Przetwarzanie to wszelkie czynno\u015bci jakie mo\u017cemy wykona\u0107 z danymi osobowymi \u2013 zwi\u0105zane zar\u00f3wno z ich aktywnym wykorzystaniem, takim jak gromadzenie, pobieranie, utrwalanie, \u0142\u0105czenie, modyfikowanie czy te\u017c udost\u0119pnianie, jak te\u017c pasywnym, takim jak przechowywanie, ograniczanie, usuwanie lub niszczenie.<\/p>\n\n\n\n<p><strong>4. Na jakiej podstawie prawnej i w jakim celu przetwarzamy Pa\u0144stwa dane ?<\/strong><\/p>\n\n\n\n<p>Ka\u017cde przetwarzanie Pa\u0144stwa danych musi by\u0107 oparte na w\u0142a\u015bciwej, zgodnej z obowi\u0105zuj\u0105cymi przepisami, podstawie prawnej. Podstaw\u0105 tak\u0105 mo\u017ce by\u0107 podpisana z Pa\u0144stwem umowa lub inne zapisy prawne pozwalaj\u0105ce na przetwarzanie danych, zawarte w Rozporz\u0105dzeniu Parlamentu Europejskiego i Rady (UE) 2016\/679 z dnia 27 kwietnia 2016 r. w sprawie ochrony os\u00f3b fizycznych w zwi\u0105zku z przetwarzaniem danych osobowych i w sprawie swobodnego przep\u0142ywu takich danych oraz uchylenia dyrektywy 95\/46\/WE (okre\u015blanym jako \u201eRODO\u201d).<\/p>\n\n\n\n<p><strong>5. Komu przekazujemy Twoje dane ?<\/strong><\/p>\n\n\n\n<p>Zgodnie z obowi\u0105zuj\u0105cym prawem Pa\u0144stwa dane mo\u017cemy przekazywa\u0107 podmiotom przetwarzaj\u0105cym je na nasze zlecenie, np. takim jak: operator pocztowy, organ nadzorczy. Mamy te\u017c obowi\u0105zek udost\u0119pni\u0107 je na \u017c\u0105danie podmiot\u00f3w uprawnionych do tego na podstawie innych przepis\u00f3w prawa, np. organy kontrolne, s\u0105dy lub organy \u015bcigania. Udost\u0119pnienie nast\u0105pi jednak tylko wtedy, gdy instytucje te zwr\u00f3c\u0105 si\u0119 do nas z wnioskiem w tej sprawie, wskazuj\u0105c podstaw\u0119 prawn\u0105, kt\u00f3re im na takie \u017c\u0105danie zezwala. Odbiorcami Pa\u0144stwa danych osobowych s\u0105 w tak\u017ce podmioty \u015bwiadcz\u0105ce na rzecz Administratora Danych us\u0142ugi informatyczne i serwisowe.<\/p>\n\n\n\n<p><strong>6. Z kim mo\u017cna kontaktowa\u0107 si\u0119 w sprawie danych osobowych?<\/strong><\/p>\n\n\n\n<p>Administrator Danych powo\u0142a\u0142 Inspektora Ochrony Danych, z kt\u00f3rym mo\u017cecie si\u0119 Pa\u0144stwo kontaktowa\u0107 listownie na adres siedziby Powiatowego Zak\u0142adu Transportu w Opatowie lub e-mailowo na adres <a href=\"iod.rodo.ochrona@gmail.com\">iod.rodo.ochrona@gmail.com <\/a><\/p>\n\n\n\n<p><strong>7. Jakie prawa przys\u0142uguj\u0105 Pa\u0144stwu w zwi\u0105zku z przetwarzaniem ich danych osobowych?<\/strong><\/p>\n\n\n\n<p>Osoba, kt\u00f3rej dane dotycz\u0105, ma nast\u0119puj\u0105ce prawa: prawo dost\u0119pu do danych (art. 15 RODO), prawo do sprostowania danych (art. 16 RODO), prawo do bycia zapomnianym, tj. do usuni\u0119cia danych (art. 17 RODO), prawo do ograniczenia przetwarzania (art. 18 RODO), prawo do sprzeciwu (art. 21 RODO), prawo do tego, by nie podlega\u0107 decyzji, kt\u00f3ra opiera si\u0119 wy\u0142\u0105cznie na zautomatyzowanym przetwarzaniu, w&nbsp;tym profilowaniu, i&nbsp;wywo\u0142uje wobec tej osoby skutki prawne lub w&nbsp;podobny spos\u00f3b istotnie na ni\u0105 wp\u0142ywa (art. 22 RODO).<\/p>\n\n\n\n<p>Ponadto administrator ma obowi\u0105zek przekazania osobie, kt\u00f3rej dane dotycz\u0105, informacji o&nbsp;przetwarzaniu danych osobowych (art. 13 i&nbsp;14 RODO), a&nbsp;w przypadku realizacji \u017c\u0105dania w&nbsp;zakresie sprostowania, usuni\u0119cia lub ograniczenia przetwarzania danych \u2013 tak\u017ce obowi\u0105zek poinformowania o&nbsp;tym odbiorc\u00f3w, kt\u00f3rym ujawniono te dane (art. 19 RODO).<\/p>\n\n\n\n<p>Maj\u0105 Pa\u0144stwo prawo wnie\u015b\u0107 r\u00f3wnie\u017c skarg\u0119 w zwi\u0105zku z przetwarzaniem przez nas Pa\u0144stwa danych osobowych do organu nadzorczego, kt\u00f3rym jest Prezes Urz\u0119du Ochrony Danych Osobowych (adres: Prezes Urz\u0119du Ochrony Danych Osobowych, ul. Stawki 2, 00-193 Warszawa).<\/p>\n\n\n\n<p><strong>Klauzula informacyjna<\/strong><\/p>\n\n\n\n<p>Zgodnie z art. 13 og\u00f3lnego rozporz\u0105dzenia z dnia 27 kwietnia 2016 r. w sprawie ochrony os\u00f3b fizycznych w zwi\u0105zku z przetwarzaniem danych osobowych i w sprawie swobodnego przep\u0142ywu takich danych oraz uchylenia dyrektywy 95\/46\/WE \u2013 og\u00f3lne rozporz\u0105dzenie o ochronie danych \u201eRODO\u201d (Dz. Urz. UE L 119 z 04.05.2016), informujemy, \u017ce:<\/p>\n\n\n\n<ol class=\"wp-block-list\">\n<li>Administratorem Pani\/Pana danych osobowych jest Powiatowy Zak\u0142ad Transportu w Opatowie, ul. Sienkiewicza 17, 27-500 Opat\u00f3w, tel. 797994810; email: biuro@pztopatow.pl<\/li>\n\n\n\n<li>Kontakt z Inspektorem Ochrony Danych &#8211; adres e-mail: <a href=\"mailto:iod.rodo.ochrona@gmail.com\">iod.rodo.ochrona@gmail.com<\/a><\/li>\n\n\n\n<li>Pani\/Pana dane osobowe przetwarzane b\u0119d\u0105 w celu: zakupu biletu miesi\u0119cznego; kontroli, windykacji i reklamacji zwi\u0105zanych ze \u015bwiadczeniem us\u0142ug przewozowych; rozpatrywania skarg i wniosk\u00f3w; wynajmu transportu i realizacji przewoz\u00f3w okazjonalnych; rozpatrzenia petycji; wystawienia faktury; archiwizacji dokument\u00f3w, na podstawie art. 6 ust. 1 lit a RODO (zgoda Pani\/Pana); art. 6 ust. 1 lit. b RODO (wykonanie umowy), art. 6 ust. 1 lit. c RODO (wype\u0142nianie obowi\u0105zk\u00f3w prawnych ci\u0105\u017c\u0105cych na PZT); art. 6 ust. 1 lit. e (wykonanie zadania realizowanego w interesie publicznym).<\/li>\n\n\n\n<li>Pani\/Pana dane osobowe b\u0119d\u0105 przetwarzane przez czas okre\u015blony przepisami prawa, niezb\u0119dny do realizacji cel\u00f3w przetwarzania wskazanego w pkt. 3 oraz przez czas wynikaj\u0105cy z przepis\u00f3w prawa dotycz\u0105cych archiwizacji. Dane przetwarzane w oparciu o wyra\u017con\u0105 zgod\u0119 b\u0119d\u0105 przetwarzane do czasu jej wycofania, jednak nie d\u0142u\u017cej ni\u017c przez czas niezb\u0119dny do wykonania umowy. W celach zwi\u0105zanych z ustaleniem, dochodzeniem lub obron\u0105 roszcze\u0144 dane b\u0119d\u0105 przechowywane przez okres przedawnienia roszcze\u0144 okre\u015blonych w przepisach prawa.<\/li>\n\n\n\n<li>Posiada Pani\/Pan prawo dost\u0119pu do tre\u015bci swoich danych osobowych oraz prawo do ich sprostowania, usuni\u0119cia, ograniczenia przetwarzania, prawo wniesienia sprzeciwu, prawo do cofni\u0119cia zgody w dowolnym momencie bez wp\u0142ywu na zgodno\u015b\u0107 z prawem przetwarzania (mo\u017cliwo\u015b\u0107 istnieje, je\u017celi przetwarzanie odbywa si\u0119 na podstawie zgody, a nie na podstawie przepis\u00f3w uprawniaj\u0105cych administratora do przetwarzania tych danych).<\/li>\n\n\n\n<li>Ma Pani\/Pan prawo wniesienia skargi do organu nadzorczego, tj. Prezesa Urz\u0119du Ochrony Danych Osobowych, ul. Stanis\u0142awa Moniuszki 1A, 00-014 Warszawa, gdy uzna Pani\/Panu, \u017ce przetwarzanie narusza przepisy RODO.<\/li>\n\n\n\n<li>Odbiorcami Pani\/Pana danych osobowych mog\u0105 by\u0107 uprawnione organy na podstawie przepis\u00f3w prawa, a tak\u017ce podmioty, z kt\u00f3rymi administrator zawar\u0142 umow\u0119 powierzenia przetwarzania w zwi\u0105zku z realizacj\u0105 us\u0142ug na rzecz administratora.<\/li>\n\n\n\n<li>Pani\/Pana dane osobowe nie b\u0119d\u0105 profilowane.<\/li>\n<\/ol>\n","protected":false},"excerpt":{"rendered":"<p>Klauzura RODO Szanowni Pa\u0144stwo, poni\u017cej wyja\u015bnimy dla czego gromadzimy i przetwarzamy Pa\u0144stwa dane osobowe w ramach dzia\u0142alno\u015bci prowadzonej przez Powiatowy Zak\u0142ad Transportu Publicznego w&nbsp;Opatowie. I. DANE OSOBOWE 1. Co to s\u0105 dane osobowe ? S\u0105 to wszystkie informacje, kt\u00f3re pozwalaj\u0105 w \u0142atwy spos\u00f3b zidentyfikowa\u0107 osob\u0119 fizyczn\u0105, odr\u00f3\u017cni\u0107 jednego cz\u0142owieka od drugiego. Mog\u0105 one dotyczy\u0107 wprost &hellip; <\/p>\n<p class=\"link-more\"><a href=\"https:\/\/pztopatow.pl\/index.php\/rodo\/\" class=\"more-link\">Czytaj dalej<span class=\"screen-reader-text\"> \u201eRODO\u201d<\/span><\/a><\/p>\n","protected":false},"author":1,"featured_media":0,"parent":0,"menu_order":0,"comment_status":"closed","ping_status":"closed","template":"","meta":{"inline_featured_image":false,"footnotes":""},"class_list":["post-628","page","type-page","status-publish","hentry"],"yoast_head":"<!-- This site is optimized with the Yoast SEO plugin v24.3 - https:\/\/yoast.com\/wordpress\/plugins\/seo\/ -->\n<title>RODO - Powiatowy Zak\u0142ad Transportu<\/title>\n<meta name=\"robots\" content=\"index, follow, max-snippet:-1, max-image-preview:large, max-video-preview:-1\" \/>\n<link rel=\"canonical\" href=\"https:\/\/pztopatow.pl\/index.php\/rodo\/\" \/>\n<meta property=\"og:locale\" content=\"pl_PL\" \/>\n<meta property=\"og:type\" content=\"article\" \/>\n<meta property=\"og:title\" content=\"RODO - Powiatowy Zak\u0142ad Transportu\" \/>\n<meta property=\"og:description\" content=\"Klauzura RODO Szanowni Pa\u0144stwo, poni\u017cej wyja\u015bnimy dla czego gromadzimy i przetwarzamy Pa\u0144stwa dane osobowe w ramach dzia\u0142alno\u015bci prowadzonej przez Powiatowy Zak\u0142ad Transportu Publicznego w&nbsp;Opatowie. I. DANE OSOBOWE 1. Co to s\u0105 dane osobowe ? S\u0105 to wszystkie informacje, kt\u00f3re pozwalaj\u0105 w \u0142atwy spos\u00f3b zidentyfikowa\u0107 osob\u0119 fizyczn\u0105, odr\u00f3\u017cni\u0107 jednego cz\u0142owieka od drugiego. Mog\u0105 one dotyczy\u0107 wprost &hellip; Czytaj dalej \u201eRODO\u201d\" \/>\n<meta property=\"og:url\" content=\"https:\/\/pztopatow.pl\/index.php\/rodo\/\" \/>\n<meta property=\"og:site_name\" content=\"Powiatowy Zak\u0142ad Transportu\" \/>\n<meta property=\"article:modified_time\" content=\"2026-04-30T08:25:05+00:00\" \/>\n<meta name=\"twitter:card\" content=\"summary_large_image\" \/>\n<meta name=\"twitter:label1\" content=\"Szacowany czas czytania\" \/>\n\t<meta name=\"twitter:data1\" content=\"6 minut\" \/>\n<script type=\"application\/ld+json\" class=\"yoast-schema-graph\">{\"@context\":\"https:\/\/schema.org\",\"@graph\":[{\"@type\":\"WebPage\",\"@id\":\"https:\/\/pztopatow.pl\/index.php\/rodo\/\",\"url\":\"https:\/\/pztopatow.pl\/index.php\/rodo\/\",\"name\":\"RODO - Powiatowy Zak\u0142ad Transportu\",\"isPartOf\":{\"@id\":\"https:\/\/pztopatow.pl\/#website\"},\"datePublished\":\"2021-10-15T13:16:36+00:00\",\"dateModified\":\"2026-04-30T08:25:05+00:00\",\"breadcrumb\":{\"@id\":\"https:\/\/pztopatow.pl\/index.php\/rodo\/#breadcrumb\"},\"inLanguage\":\"pl-PL\",\"potentialAction\":[{\"@type\":\"ReadAction\",\"target\":[\"https:\/\/pztopatow.pl\/index.php\/rodo\/\"]}]},{\"@type\":\"BreadcrumbList\",\"@id\":\"https:\/\/pztopatow.pl\/index.php\/rodo\/#breadcrumb\",\"itemListElement\":[{\"@type\":\"ListItem\",\"position\":1,\"name\":\"Strona g\u0142\u00f3wna\",\"item\":\"https:\/\/pztopatow.pl\/\"},{\"@type\":\"ListItem\",\"position\":2,\"name\":\"RODO\"}]},{\"@type\":\"WebSite\",\"@id\":\"https:\/\/pztopatow.pl\/#website\",\"url\":\"https:\/\/pztopatow.pl\/\",\"name\":\"Powiatowy Zak\u0142ad Transportu\",\"description\":\"\",\"publisher\":{\"@id\":\"https:\/\/pztopatow.pl\/#organization\"},\"potentialAction\":[{\"@type\":\"SearchAction\",\"target\":{\"@type\":\"EntryPoint\",\"urlTemplate\":\"https:\/\/pztopatow.pl\/?s={search_term_string}\"},\"query-input\":{\"@type\":\"PropertyValueSpecification\",\"valueRequired\":true,\"valueName\":\"search_term_string\"}}],\"inLanguage\":\"pl-PL\"},{\"@type\":\"Organization\",\"@id\":\"https:\/\/pztopatow.pl\/#organization\",\"name\":\"Powiatowy Zak\u0142ad Transportu\",\"url\":\"https:\/\/pztopatow.pl\/\",\"logo\":{\"@type\":\"ImageObject\",\"inLanguage\":\"pl-PL\",\"@id\":\"https:\/\/pztopatow.pl\/#\/schema\/logo\/image\/\",\"url\":\"https:\/\/pztopatow.pl\/wp-content\/uploads\/2020\/06\/cropped-PZT-LOGO-Corel-X4-PNG-1.png\",\"contentUrl\":\"https:\/\/pztopatow.pl\/wp-content\/uploads\/2020\/06\/cropped-PZT-LOGO-Corel-X4-PNG-1.png\",\"width\":248,\"height\":250,\"caption\":\"Powiatowy Zak\u0142ad Transportu\"},\"image\":{\"@id\":\"https:\/\/pztopatow.pl\/#\/schema\/logo\/image\/\"}}]}<\/script>\n<!-- \/ Yoast SEO plugin. -->","yoast_head_json":{"title":"RODO - Powiatowy Zak\u0142ad Transportu","robots":{"index":"index","follow":"follow","max-snippet":"max-snippet:-1","max-image-preview":"max-image-preview:large","max-video-preview":"max-video-preview:-1"},"canonical":"https:\/\/pztopatow.pl\/index.php\/rodo\/","og_locale":"pl_PL","og_type":"article","og_title":"RODO - Powiatowy Zak\u0142ad Transportu","og_description":"Klauzura RODO Szanowni Pa\u0144stwo, poni\u017cej wyja\u015bnimy dla czego gromadzimy i przetwarzamy Pa\u0144stwa dane osobowe w ramach dzia\u0142alno\u015bci prowadzonej przez Powiatowy Zak\u0142ad Transportu Publicznego w&nbsp;Opatowie. I. DANE OSOBOWE 1. Co to s\u0105 dane osobowe ? S\u0105 to wszystkie informacje, kt\u00f3re pozwalaj\u0105 w \u0142atwy spos\u00f3b zidentyfikowa\u0107 osob\u0119 fizyczn\u0105, odr\u00f3\u017cni\u0107 jednego cz\u0142owieka od drugiego. Mog\u0105 one dotyczy\u0107 wprost &hellip; Czytaj dalej \u201eRODO\u201d","og_url":"https:\/\/pztopatow.pl\/index.php\/rodo\/","og_site_name":"Powiatowy Zak\u0142ad Transportu","article_modified_time":"2026-04-30T08:25:05+00:00","twitter_card":"summary_large_image","twitter_misc":{"Szacowany czas czytania":"6 minut"},"schema":{"@context":"https:\/\/schema.org","@graph":[{"@type":"WebPage","@id":"https:\/\/pztopatow.pl\/index.php\/rodo\/","url":"https:\/\/pztopatow.pl\/index.php\/rodo\/","name":"RODO - Powiatowy Zak\u0142ad Transportu","isPartOf":{"@id":"https:\/\/pztopatow.pl\/#website"},"datePublished":"2021-10-15T13:16:36+00:00","dateModified":"2026-04-30T08:25:05+00:00","breadcrumb":{"@id":"https:\/\/pztopatow.pl\/index.php\/rodo\/#breadcrumb"},"inLanguage":"pl-PL","potentialAction":[{"@type":"ReadAction","target":["https:\/\/pztopatow.pl\/index.php\/rodo\/"]}]},{"@type":"BreadcrumbList","@id":"https:\/\/pztopatow.pl\/index.php\/rodo\/#breadcrumb","itemListElement":[{"@type":"ListItem","position":1,"name":"Strona g\u0142\u00f3wna","item":"https:\/\/pztopatow.pl\/"},{"@type":"ListItem","position":2,"name":"RODO"}]},{"@type":"WebSite","@id":"https:\/\/pztopatow.pl\/#website","url":"https:\/\/pztopatow.pl\/","name":"Powiatowy Zak\u0142ad Transportu","description":"","publisher":{"@id":"https:\/\/pztopatow.pl\/#organization"},"potentialAction":[{"@type":"SearchAction","target":{"@type":"EntryPoint","urlTemplate":"https:\/\/pztopatow.pl\/?s={search_term_string}"},"query-input":{"@type":"PropertyValueSpecification","valueRequired":true,"valueName":"search_term_string"}}],"inLanguage":"pl-PL"},{"@type":"Organization","@id":"https:\/\/pztopatow.pl\/#organization","name":"Powiatowy Zak\u0142ad Transportu","url":"https:\/\/pztopatow.pl\/","logo":{"@type":"ImageObject","inLanguage":"pl-PL","@id":"https:\/\/pztopatow.pl\/#\/schema\/logo\/image\/","url":"https:\/\/pztopatow.pl\/wp-content\/uploads\/2020\/06\/cropped-PZT-LOGO-Corel-X4-PNG-1.png","contentUrl":"https:\/\/pztopatow.pl\/wp-content\/uploads\/2020\/06\/cropped-PZT-LOGO-Corel-X4-PNG-1.png","width":248,"height":250,"caption":"Powiatowy Zak\u0142ad Transportu"},"image":{"@id":"https:\/\/pztopatow.pl\/#\/schema\/logo\/image\/"}}]}},"_links":{"self":[{"href":"https:\/\/pztopatow.pl\/index.php\/wp-json\/wp\/v2\/pages\/628","targetHints":{"allow":["GET"]}}],"collection":[{"href":"https:\/\/pztopatow.pl\/index.php\/wp-json\/wp\/v2\/pages"}],"about":[{"href":"https:\/\/pztopatow.pl\/index.php\/wp-json\/wp\/v2\/types\/page"}],"author":[{"embeddable":true,"href":"https:\/\/pztopatow.pl\/index.php\/wp-json\/wp\/v2\/users\/1"}],"replies":[{"embeddable":true,"href":"https:\/\/pztopatow.pl\/index.php\/wp-json\/wp\/v2\/comments?post=628"}],"version-history":[{"count":4,"href":"https:\/\/pztopatow.pl\/index.php\/wp-json\/wp\/v2\/pages\/628\/revisions"}],"predecessor-version":[{"id":3504,"href":"https:\/\/pztopatow.pl\/index.php\/wp-json\/wp\/v2\/pages\/628\/revisions\/3504"}],"wp:attachment":[{"href":"https:\/\/pztopatow.pl\/index.php\/wp-json\/wp\/v2\/media?parent=628"}],"curies":[{"name":"wp","href":"https:\/\/api.w.org\/{rel}","templated":true}]}}