{"id":579,"date":"2021-08-23T11:31:06","date_gmt":"2021-08-23T09:31:06","guid":{"rendered":"https:\/\/pzt.opatow.pl\/?page_id=579"},"modified":"2021-08-30T09:57:44","modified_gmt":"2021-08-30T07:57:44","slug":"o-zakladzie","status":"publish","type":"page","link":"https:\/\/pztopatow.pl\/index.php\/o-zakladzie\/","title":{"rendered":"O zak\u0142adzie"},"content":{"rendered":"\n<p><a>Powiatowy Zak\u0142ad Transportu powo\u0142ano Uchwa\u0142\u0105 Rady Powiatu Opatowskiego nr XII.54.2019 z dnia 19.08.2019 roku. G\u0142\u00f3wnym celem Zak\u0142adu Transportu by\u0142a likwidacja \u201ebia\u0142ych plam\u201d komunikacyjnych. Pierwszy kurs na linii autobusowej odby\u0142 si\u0119 01.09. 2019r. Od tamtej pory zak\u0142ad utworzy\u0142 34 linie autobusowe.<\/a><\/p>\n\n\n\n<p>Wykonujemy przewozy w zakresie lokalnego transportu publicznego oraz przewozy okazjonalne. Wychodzimy naprzeciw potrzebom naszej spo\u0142eczno\u015bci. Jako jedyni utworzyli\u015bmy lini\u0119 komunikacyjn\u0105 do \u015awi\u0119tokrzyskiego Centrum Onkologii w Kielcach. Zak\u0142ad realizuje tak\u017ce zadania w zakresie zapewnienia dowozu plac\u00f3wkom przyj\u0119tym do realizacji na podstawie porozumie\u0144 samorz\u0105dowych.<\/p>\n\n\n\n<p>Obecnie nasi wykwalifikowani kierowcy pokonuj\u0105 na trasach ponad 50 tysi\u0119cy kilometr\u00f3w miesi\u0119cznie. Zatrzymuj\u0105 si\u0119 na ponad 750 przystankach autobusowych. Cechuje nas nowoczesno\u015b\u0107, posiadamy dwa eko przystanki. W naszej flocie 4 z 8 autobus\u00f3w to najnowsze auta kt\u00f3re spe\u0142niaj\u0105 najwy\u017csze standardy przewozu os\u00f3b. Jeden z nich przystosowany jest do przewozu os\u00f3b niepe\u0142nosprawnych. PZT w Opatowie to wa\u017cna spo\u0142ecznie inicjatywa. Pozwala mieszka\u0144com na sprawny dojazd do r\u00f3\u017cnych miejsc w naszym powiecie oraz powiatach s\u0105siaduj\u0105cych.<\/p>\n","protected":false},"excerpt":{"rendered":"<p>Powiatowy Zak\u0142ad Transportu powo\u0142ano Uchwa\u0142\u0105 Rady Powiatu Opatowskiego nr XII.54.2019 z dnia 19.08.2019 roku. G\u0142\u00f3wnym celem Zak\u0142adu Transportu by\u0142a likwidacja \u201ebia\u0142ych plam\u201d komunikacyjnych. Pierwszy kurs na linii autobusowej odby\u0142 si\u0119 01.09. 2019r. Od tamtej pory zak\u0142ad utworzy\u0142 34 linie autobusowe. Wykonujemy przewozy w zakresie lokalnego transportu publicznego oraz przewozy okazjonalne. Wychodzimy naprzeciw potrzebom naszej spo\u0142eczno\u015bci. &hellip; <\/p>\n<p class=\"link-more\"><a href=\"https:\/\/pztopatow.pl\/index.php\/o-zakladzie\/\" class=\"more-link\">Czytaj dalej<span class=\"screen-reader-text\"> \u201eO zak\u0142adzie\u201d<\/span><\/a><\/p>\n","protected":false},"author":1,"featured_media":0,"parent":0,"menu_order":0,"comment_status":"closed","ping_status":"closed","template":"","meta":{"inline_featured_image":false,"footnotes":""},"class_list":["post-579","page","type-page","status-publish","hentry"],"yoast_head":"<!-- This site is optimized with the Yoast SEO plugin v24.3 - https:\/\/yoast.com\/wordpress\/plugins\/seo\/ -->\n<title>O zak\u0142adzie - Powiatowy Zak\u0142ad Transportu<\/title>\n<meta name=\"robots\" content=\"index, follow, max-snippet:-1, max-image-preview:large, max-video-preview:-1\" \/>\n<link rel=\"canonical\" href=\"https:\/\/pztopatow.pl\/index.php\/o-zakladzie\/\" \/>\n<meta property=\"og:locale\" content=\"pl_PL\" \/>\n<meta property=\"og:type\" content=\"article\" \/>\n<meta property=\"og:title\" content=\"O zak\u0142adzie - Powiatowy Zak\u0142ad Transportu\" \/>\n<meta property=\"og:description\" content=\"Powiatowy Zak\u0142ad Transportu powo\u0142ano Uchwa\u0142\u0105 Rady Powiatu Opatowskiego nr XII.54.2019 z dnia 19.08.2019 roku. G\u0142\u00f3wnym celem Zak\u0142adu Transportu by\u0142a likwidacja \u201ebia\u0142ych plam\u201d komunikacyjnych. Pierwszy kurs na linii autobusowej odby\u0142 si\u0119 01.09. 2019r. Od tamtej pory zak\u0142ad utworzy\u0142 34 linie autobusowe. Wykonujemy przewozy w zakresie lokalnego transportu publicznego oraz przewozy okazjonalne. Wychodzimy naprzeciw potrzebom naszej spo\u0142eczno\u015bci. &hellip; Czytaj dalej \u201eO zak\u0142adzie\u201d\" \/>\n<meta property=\"og:url\" content=\"https:\/\/pztopatow.pl\/index.php\/o-zakladzie\/\" \/>\n<meta property=\"og:site_name\" content=\"Powiatowy Zak\u0142ad Transportu\" \/>\n<meta property=\"article:modified_time\" content=\"2021-08-30T07:57:44+00:00\" \/>\n<meta name=\"twitter:card\" content=\"summary_large_image\" \/>\n<meta name=\"twitter:label1\" content=\"Szacowany czas czytania\" \/>\n\t<meta name=\"twitter:data1\" content=\"1 minuta\" \/>\n<script type=\"application\/ld+json\" class=\"yoast-schema-graph\">{\"@context\":\"https:\/\/schema.org\",\"@graph\":[{\"@type\":\"WebPage\",\"@id\":\"https:\/\/pztopatow.pl\/index.php\/o-zakladzie\/\",\"url\":\"https:\/\/pztopatow.pl\/index.php\/o-zakladzie\/\",\"name\":\"O zak\u0142adzie - Powiatowy Zak\u0142ad Transportu\",\"isPartOf\":{\"@id\":\"https:\/\/pztopatow.pl\/#website\"},\"datePublished\":\"2021-08-23T09:31:06+00:00\",\"dateModified\":\"2021-08-30T07:57:44+00:00\",\"breadcrumb\":{\"@id\":\"https:\/\/pztopatow.pl\/index.php\/o-zakladzie\/#breadcrumb\"},\"inLanguage\":\"pl-PL\",\"potentialAction\":[{\"@type\":\"ReadAction\",\"target\":[\"https:\/\/pztopatow.pl\/index.php\/o-zakladzie\/\"]}]},{\"@type\":\"BreadcrumbList\",\"@id\":\"https:\/\/pztopatow.pl\/index.php\/o-zakladzie\/#breadcrumb\",\"itemListElement\":[{\"@type\":\"ListItem\",\"position\":1,\"name\":\"Strona g\u0142\u00f3wna\",\"item\":\"https:\/\/pztopatow.pl\/\"},{\"@type\":\"ListItem\",\"position\":2,\"name\":\"O zak\u0142adzie\"}]},{\"@type\":\"WebSite\",\"@id\":\"https:\/\/pztopatow.pl\/#website\",\"url\":\"https:\/\/pztopatow.pl\/\",\"name\":\"Powiatowy Zak\u0142ad Transportu\",\"description\":\"\",\"publisher\":{\"@id\":\"https:\/\/pztopatow.pl\/#organization\"},\"potentialAction\":[{\"@type\":\"SearchAction\",\"target\":{\"@type\":\"EntryPoint\",\"urlTemplate\":\"https:\/\/pztopatow.pl\/?s={search_term_string}\"},\"query-input\":{\"@type\":\"PropertyValueSpecification\",\"valueRequired\":true,\"valueName\":\"search_term_string\"}}],\"inLanguage\":\"pl-PL\"},{\"@type\":\"Organization\",\"@id\":\"https:\/\/pztopatow.pl\/#organization\",\"name\":\"Powiatowy Zak\u0142ad Transportu\",\"url\":\"https:\/\/pztopatow.pl\/\",\"logo\":{\"@type\":\"ImageObject\",\"inLanguage\":\"pl-PL\",\"@id\":\"https:\/\/pztopatow.pl\/#\/schema\/logo\/image\/\",\"url\":\"https:\/\/pztopatow.pl\/wp-content\/uploads\/2020\/06\/cropped-PZT-LOGO-Corel-X4-PNG-1.png\",\"contentUrl\":\"https:\/\/pztopatow.pl\/wp-content\/uploads\/2020\/06\/cropped-PZT-LOGO-Corel-X4-PNG-1.png\",\"width\":248,\"height\":250,\"caption\":\"Powiatowy Zak\u0142ad Transportu\"},\"image\":{\"@id\":\"https:\/\/pztopatow.pl\/#\/schema\/logo\/image\/\"}}]}<\/script>\n<!-- \/ Yoast SEO plugin. -->","yoast_head_json":{"title":"O zak\u0142adzie - Powiatowy Zak\u0142ad Transportu","robots":{"index":"index","follow":"follow","max-snippet":"max-snippet:-1","max-image-preview":"max-image-preview:large","max-video-preview":"max-video-preview:-1"},"canonical":"https:\/\/pztopatow.pl\/index.php\/o-zakladzie\/","og_locale":"pl_PL","og_type":"article","og_title":"O zak\u0142adzie - Powiatowy Zak\u0142ad Transportu","og_description":"Powiatowy Zak\u0142ad Transportu powo\u0142ano Uchwa\u0142\u0105 Rady Powiatu Opatowskiego nr XII.54.2019 z dnia 19.08.2019 roku. G\u0142\u00f3wnym celem Zak\u0142adu Transportu by\u0142a likwidacja \u201ebia\u0142ych plam\u201d komunikacyjnych. Pierwszy kurs na linii autobusowej odby\u0142 si\u0119 01.09. 2019r. Od tamtej pory zak\u0142ad utworzy\u0142 34 linie autobusowe. Wykonujemy przewozy w zakresie lokalnego transportu publicznego oraz przewozy okazjonalne. Wychodzimy naprzeciw potrzebom naszej spo\u0142eczno\u015bci. &hellip; Czytaj dalej \u201eO zak\u0142adzie\u201d","og_url":"https:\/\/pztopatow.pl\/index.php\/o-zakladzie\/","og_site_name":"Powiatowy Zak\u0142ad Transportu","article_modified_time":"2021-08-30T07:57:44+00:00","twitter_card":"summary_large_image","twitter_misc":{"Szacowany czas czytania":"1 minuta"},"schema":{"@context":"https:\/\/schema.org","@graph":[{"@type":"WebPage","@id":"https:\/\/pztopatow.pl\/index.php\/o-zakladzie\/","url":"https:\/\/pztopatow.pl\/index.php\/o-zakladzie\/","name":"O zak\u0142adzie - Powiatowy Zak\u0142ad Transportu","isPartOf":{"@id":"https:\/\/pztopatow.pl\/#website"},"datePublished":"2021-08-23T09:31:06+00:00","dateModified":"2021-08-30T07:57:44+00:00","breadcrumb":{"@id":"https:\/\/pztopatow.pl\/index.php\/o-zakladzie\/#breadcrumb"},"inLanguage":"pl-PL","potentialAction":[{"@type":"ReadAction","target":["https:\/\/pztopatow.pl\/index.php\/o-zakladzie\/"]}]},{"@type":"BreadcrumbList","@id":"https:\/\/pztopatow.pl\/index.php\/o-zakladzie\/#breadcrumb","itemListElement":[{"@type":"ListItem","position":1,"name":"Strona g\u0142\u00f3wna","item":"https:\/\/pztopatow.pl\/"},{"@type":"ListItem","position":2,"name":"O zak\u0142adzie"}]},{"@type":"WebSite","@id":"https:\/\/pztopatow.pl\/#website","url":"https:\/\/pztopatow.pl\/","name":"Powiatowy Zak\u0142ad Transportu","description":"","publisher":{"@id":"https:\/\/pztopatow.pl\/#organization"},"potentialAction":[{"@type":"SearchAction","target":{"@type":"EntryPoint","urlTemplate":"https:\/\/pztopatow.pl\/?s={search_term_string}"},"query-input":{"@type":"PropertyValueSpecification","valueRequired":true,"valueName":"search_term_string"}}],"inLanguage":"pl-PL"},{"@type":"Organization","@id":"https:\/\/pztopatow.pl\/#organization","name":"Powiatowy Zak\u0142ad Transportu","url":"https:\/\/pztopatow.pl\/","logo":{"@type":"ImageObject","inLanguage":"pl-PL","@id":"https:\/\/pztopatow.pl\/#\/schema\/logo\/image\/","url":"https:\/\/pztopatow.pl\/wp-content\/uploads\/2020\/06\/cropped-PZT-LOGO-Corel-X4-PNG-1.png","contentUrl":"https:\/\/pztopatow.pl\/wp-content\/uploads\/2020\/06\/cropped-PZT-LOGO-Corel-X4-PNG-1.png","width":248,"height":250,"caption":"Powiatowy Zak\u0142ad Transportu"},"image":{"@id":"https:\/\/pztopatow.pl\/#\/schema\/logo\/image\/"}}]}},"_links":{"self":[{"href":"https:\/\/pztopatow.pl\/index.php\/wp-json\/wp\/v2\/pages\/579","targetHints":{"allow":["GET"]}}],"collection":[{"href":"https:\/\/pztopatow.pl\/index.php\/wp-json\/wp\/v2\/pages"}],"about":[{"href":"https:\/\/pztopatow.pl\/index.php\/wp-json\/wp\/v2\/types\/page"}],"author":[{"embeddable":true,"href":"https:\/\/pztopatow.pl\/index.php\/wp-json\/wp\/v2\/users\/1"}],"replies":[{"embeddable":true,"href":"https:\/\/pztopatow.pl\/index.php\/wp-json\/wp\/v2\/comments?post=579"}],"version-history":[{"count":3,"href":"https:\/\/pztopatow.pl\/index.php\/wp-json\/wp\/v2\/pages\/579\/revisions"}],"predecessor-version":[{"id":595,"href":"https:\/\/pztopatow.pl\/index.php\/wp-json\/wp\/v2\/pages\/579\/revisions\/595"}],"wp:attachment":[{"href":"https:\/\/pztopatow.pl\/index.php\/wp-json\/wp\/v2\/media?parent=579"}],"curies":[{"name":"wp","href":"https:\/\/api.w.org\/{rel}","templated":true}]}}