{"id":1109,"date":"2021-10-28T16:29:22","date_gmt":"2021-10-28T14:29:22","guid":{"rendered":"https:\/\/pzt.opatow.pl\/?page_id=1109"},"modified":"2023-02-07T11:30:40","modified_gmt":"2023-02-07T10:30:40","slug":"ozarow","status":"publish","type":"page","link":"https:\/\/pztopatow.pl\/index.php\/rozklad-jazdy\/ozarow\/","title":{"rendered":"O\u017car\u00f3w"},"content":{"rendered":"\n<figure class=\"wp-block-image size-large\"><img loading=\"lazy\" decoding=\"async\" width=\"1024\" height=\"366\" src=\"https:\/\/pzt.opatow.pl\/wp-content\/uploads\/2021\/10\/rozklad-L54-Gliniany-A5-1024x366.jpg\" alt=\"\" class=\"wp-image-1110\" srcset=\"https:\/\/pztopatow.pl\/wp-content\/uploads\/2021\/10\/rozklad-L54-Gliniany-A5-1024x366.jpg 1024w, https:\/\/pztopatow.pl\/wp-content\/uploads\/2021\/10\/rozklad-L54-Gliniany-A5-300x107.jpg 300w, https:\/\/pztopatow.pl\/wp-content\/uploads\/2021\/10\/rozklad-L54-Gliniany-A5-768x274.jpg 768w, https:\/\/pztopatow.pl\/wp-content\/uploads\/2021\/10\/rozklad-L54-Gliniany-A5.jpg 1240w\" sizes=\"auto, (max-width: 706px) 89vw, (max-width: 767px) 82vw, 740px\" \/><\/figure>\n\n\n\n<figure class=\"wp-block-image size-large\"><img loading=\"lazy\" decoding=\"async\" width=\"1024\" height=\"488\" src=\"https:\/\/pzt.opatow.pl\/wp-content\/uploads\/2021\/11\/rozklad-L28-Slupia-Nadbrzezna-A523-1024x488.jpg\" alt=\"\" class=\"wp-image-2263\" srcset=\"https:\/\/pztopatow.pl\/wp-content\/uploads\/2021\/11\/rozklad-L28-Slupia-Nadbrzezna-A523-1024x488.jpg 1024w, https:\/\/pztopatow.pl\/wp-content\/uploads\/2021\/11\/rozklad-L28-Slupia-Nadbrzezna-A523-300x143.jpg 300w, https:\/\/pztopatow.pl\/wp-content\/uploads\/2021\/11\/rozklad-L28-Slupia-Nadbrzezna-A523-768x366.jpg 768w, https:\/\/pztopatow.pl\/wp-content\/uploads\/2021\/11\/rozklad-L28-Slupia-Nadbrzezna-A523.jpg 1240w\" sizes=\"auto, (max-width: 706px) 89vw, (max-width: 767px) 82vw, 740px\" \/><\/figure>\n\n\n\n<figure class=\"wp-block-image size-large\"><img loading=\"lazy\" decoding=\"async\" width=\"1024\" height=\"571\" src=\"https:\/\/pztopatow.pl\/wp-content\/uploads\/2022\/10\/L-27-35-20-1024x571.jpg\" alt=\"\" class=\"wp-image-3087\" srcset=\"https:\/\/pztopatow.pl\/wp-content\/uploads\/2022\/10\/L-27-35-20-1024x571.jpg 1024w, https:\/\/pztopatow.pl\/wp-content\/uploads\/2022\/10\/L-27-35-20-300x167.jpg 300w, https:\/\/pztopatow.pl\/wp-content\/uploads\/2022\/10\/L-27-35-20-768x428.jpg 768w, https:\/\/pztopatow.pl\/wp-content\/uploads\/2022\/10\/L-27-35-20.jpg 1240w\" sizes=\"auto, (max-width: 706px) 89vw, (max-width: 767px) 82vw, 740px\" \/><\/figure>\n\n\n\n<figure class=\"wp-block-image size-large\"><img loading=\"lazy\" decoding=\"async\" width=\"1024\" height=\"673\" src=\"https:\/\/pzt.opatow.pl\/wp-content\/uploads\/2022\/04\/dodatkowe-rozklady-skadrowane44-1024x673.jpg\" alt=\"\" class=\"wp-image-2911\" srcset=\"https:\/\/pztopatow.pl\/wp-content\/uploads\/2022\/04\/dodatkowe-rozklady-skadrowane44-1024x673.jpg 1024w, https:\/\/pztopatow.pl\/wp-content\/uploads\/2022\/04\/dodatkowe-rozklady-skadrowane44-300x197.jpg 300w, https:\/\/pztopatow.pl\/wp-content\/uploads\/2022\/04\/dodatkowe-rozklady-skadrowane44-768x505.jpg 768w, https:\/\/pztopatow.pl\/wp-content\/uploads\/2022\/04\/dodatkowe-rozklady-skadrowane44.jpg 1240w\" sizes=\"auto, (max-width: 706px) 89vw, (max-width: 767px) 82vw, 740px\" \/><\/figure>\n\n\n\n<figure class=\"wp-block-image size-large\"><img loading=\"lazy\" decoding=\"async\" width=\"693\" height=\"1024\" src=\"https:\/\/pzt.opatow.pl\/wp-content\/uploads\/2022\/04\/dodatkowe-rozklady-skadrowane45-693x1024.jpg\" alt=\"\" class=\"wp-image-2912\" srcset=\"https:\/\/pztopatow.pl\/wp-content\/uploads\/2022\/04\/dodatkowe-rozklady-skadrowane45-693x1024.jpg 693w, https:\/\/pztopatow.pl\/wp-content\/uploads\/2022\/04\/dodatkowe-rozklady-skadrowane45-203x300.jpg 203w, https:\/\/pztopatow.pl\/wp-content\/uploads\/2022\/04\/dodatkowe-rozklady-skadrowane45-768x1134.jpg 768w, https:\/\/pztopatow.pl\/wp-content\/uploads\/2022\/04\/dodatkowe-rozklady-skadrowane45-1040x1536.jpg 1040w, https:\/\/pztopatow.pl\/wp-content\/uploads\/2022\/04\/dodatkowe-rozklady-skadrowane45.jpg 1240w\" sizes=\"auto, (max-width: 693px) 100vw, 693px\" \/><\/figure>\n\n\n\n<figure class=\"wp-block-image size-large\"><img loading=\"lazy\" decoding=\"async\" width=\"1024\" height=\"609\" src=\"https:\/\/pzt.opatow.pl\/wp-content\/uploads\/2022\/04\/gotowe-6162-skadrowane-1024x609.jpg\" alt=\"\" class=\"wp-image-2910\" srcset=\"https:\/\/pztopatow.pl\/wp-content\/uploads\/2022\/04\/gotowe-6162-skadrowane-1024x609.jpg 1024w, https:\/\/pztopatow.pl\/wp-content\/uploads\/2022\/04\/gotowe-6162-skadrowane-300x179.jpg 300w, https:\/\/pztopatow.pl\/wp-content\/uploads\/2022\/04\/gotowe-6162-skadrowane-768x457.jpg 768w, https:\/\/pztopatow.pl\/wp-content\/uploads\/2022\/04\/gotowe-6162-skadrowane.jpg 1240w\" sizes=\"auto, (max-width: 706px) 89vw, (max-width: 767px) 82vw, 740px\" \/><\/figure>\n\n\n\n<figure class=\"wp-block-image size-large\"><img loading=\"lazy\" decoding=\"async\" width=\"763\" height=\"1024\" src=\"https:\/\/pztopatow.pl\/wp-content\/uploads\/2023\/02\/dodatkowe-rozklady-ozarow-dworzec-02-763x1024.jpg\" alt=\"\" class=\"wp-image-3434\" srcset=\"https:\/\/pztopatow.pl\/wp-content\/uploads\/2023\/02\/dodatkowe-rozklady-ozarow-dworzec-02-763x1024.jpg 763w, https:\/\/pztopatow.pl\/wp-content\/uploads\/2023\/02\/dodatkowe-rozklady-ozarow-dworzec-02-223x300.jpg 223w, https:\/\/pztopatow.pl\/wp-content\/uploads\/2023\/02\/dodatkowe-rozklady-ozarow-dworzec-02-768x1031.jpg 768w, https:\/\/pztopatow.pl\/wp-content\/uploads\/2023\/02\/dodatkowe-rozklady-ozarow-dworzec-02-1144x1536.jpg 1144w, https:\/\/pztopatow.pl\/wp-content\/uploads\/2023\/02\/dodatkowe-rozklady-ozarow-dworzec-02.jpg 1240w\" sizes=\"auto, (max-width: 706px) 89vw, (max-width: 767px) 82vw, 740px\" \/><\/figure>\n\n\n\n<figure class=\"wp-block-image size-large\"><img loading=\"lazy\" decoding=\"async\" width=\"1024\" height=\"634\" src=\"https:\/\/pztopatow.pl\/wp-content\/uploads\/2022\/10\/L648-1024x634.jpg\" alt=\"\" class=\"wp-image-3158\" srcset=\"https:\/\/pztopatow.pl\/wp-content\/uploads\/2022\/10\/L648-1024x634.jpg 1024w, https:\/\/pztopatow.pl\/wp-content\/uploads\/2022\/10\/L648-300x186.jpg 300w, https:\/\/pztopatow.pl\/wp-content\/uploads\/2022\/10\/L648-768x476.jpg 768w, https:\/\/pztopatow.pl\/wp-content\/uploads\/2022\/10\/L648.jpg 1240w\" sizes=\"auto, (max-width: 706px) 89vw, (max-width: 767px) 82vw, 740px\" \/><\/figure>\n\n\n\n<div class=\"wp-block-buttons is-horizontal is-content-justification-center is-layout-flex wp-container-core-buttons-is-layout-499968f5 wp-block-buttons-is-layout-flex\">\n<div class=\"wp-block-button is-style-outline is-style-outline--1\"><a class=\"wp-block-button__link wp-element-button\" href=\"https:\/\/pztopatow.pl\/index.php\/rozklad-jazdy\/\" style=\"border-radius:25px\">Wr\u00f3\u0107 do poprzedniej strony<\/a><\/div>\n<\/div>\n","protected":false},"excerpt":{"rendered":"","protected":false},"author":3,"featured_media":0,"parent":639,"menu_order":0,"comment_status":"closed","ping_status":"closed","template":"","meta":{"inline_featured_image":false,"footnotes":""},"class_list":["post-1109","page","type-page","status-publish","hentry"],"yoast_head":"<!-- This site is optimized with the Yoast SEO plugin v24.3 - https:\/\/yoast.com\/wordpress\/plugins\/seo\/ -->\n<title>O\u017car\u00f3w - Powiatowy Zak\u0142ad Transportu<\/title>\n<meta name=\"robots\" content=\"index, follow, max-snippet:-1, max-image-preview:large, max-video-preview:-1\" \/>\n<link rel=\"canonical\" href=\"https:\/\/pztopatow.pl\/index.php\/rozklad-jazdy\/ozarow\/\" \/>\n<meta property=\"og:locale\" content=\"pl_PL\" \/>\n<meta property=\"og:type\" content=\"article\" \/>\n<meta property=\"og:title\" content=\"O\u017car\u00f3w - Powiatowy Zak\u0142ad Transportu\" \/>\n<meta property=\"og:url\" content=\"https:\/\/pztopatow.pl\/index.php\/rozklad-jazdy\/ozarow\/\" \/>\n<meta property=\"og:site_name\" content=\"Powiatowy Zak\u0142ad Transportu\" \/>\n<meta property=\"article:modified_time\" content=\"2023-02-07T10:30:40+00:00\" \/>\n<meta property=\"og:image\" content=\"https:\/\/pzt.opatow.pl\/wp-content\/uploads\/2021\/10\/rozklad-L54-Gliniany-A5-1024x366.jpg\" \/>\n<meta name=\"twitter:card\" content=\"summary_large_image\" \/>\n<script type=\"application\/ld+json\" class=\"yoast-schema-graph\">{\"@context\":\"https:\/\/schema.org\",\"@graph\":[{\"@type\":\"WebPage\",\"@id\":\"https:\/\/pztopatow.pl\/index.php\/rozklad-jazdy\/ozarow\/\",\"url\":\"https:\/\/pztopatow.pl\/index.php\/rozklad-jazdy\/ozarow\/\",\"name\":\"O\u017car\u00f3w - Powiatowy Zak\u0142ad Transportu\",\"isPartOf\":{\"@id\":\"https:\/\/pztopatow.pl\/#website\"},\"primaryImageOfPage\":{\"@id\":\"https:\/\/pztopatow.pl\/index.php\/rozklad-jazdy\/ozarow\/#primaryimage\"},\"image\":{\"@id\":\"https:\/\/pztopatow.pl\/index.php\/rozklad-jazdy\/ozarow\/#primaryimage\"},\"thumbnailUrl\":\"https:\/\/pzt.opatow.pl\/wp-content\/uploads\/2021\/10\/rozklad-L54-Gliniany-A5-1024x366.jpg\",\"datePublished\":\"2021-10-28T14:29:22+00:00\",\"dateModified\":\"2023-02-07T10:30:40+00:00\",\"breadcrumb\":{\"@id\":\"https:\/\/pztopatow.pl\/index.php\/rozklad-jazdy\/ozarow\/#breadcrumb\"},\"inLanguage\":\"pl-PL\",\"potentialAction\":[{\"@type\":\"ReadAction\",\"target\":[\"https:\/\/pztopatow.pl\/index.php\/rozklad-jazdy\/ozarow\/\"]}]},{\"@type\":\"ImageObject\",\"inLanguage\":\"pl-PL\",\"@id\":\"https:\/\/pztopatow.pl\/index.php\/rozklad-jazdy\/ozarow\/#primaryimage\",\"url\":\"https:\/\/pzt.opatow.pl\/wp-content\/uploads\/2021\/10\/rozklad-L54-Gliniany-A5-1024x366.jpg\",\"contentUrl\":\"https:\/\/pzt.opatow.pl\/wp-content\/uploads\/2021\/10\/rozklad-L54-Gliniany-A5-1024x366.jpg\"},{\"@type\":\"BreadcrumbList\",\"@id\":\"https:\/\/pztopatow.pl\/index.php\/rozklad-jazdy\/ozarow\/#breadcrumb\",\"itemListElement\":[{\"@type\":\"ListItem\",\"position\":1,\"name\":\"Strona g\u0142\u00f3wna\",\"item\":\"https:\/\/pztopatow.pl\/\"},{\"@type\":\"ListItem\",\"position\":2,\"name\":\"Linie autobusowe\/Rozk\u0142ady\",\"item\":\"https:\/\/pztopatow.pl\/index.php\/rozklad-jazdy\/\"},{\"@type\":\"ListItem\",\"position\":3,\"name\":\"O\u017car\u00f3w\"}]},{\"@type\":\"WebSite\",\"@id\":\"https:\/\/pztopatow.pl\/#website\",\"url\":\"https:\/\/pztopatow.pl\/\",\"name\":\"Powiatowy Zak\u0142ad Transportu\",\"description\":\"\",\"publisher\":{\"@id\":\"https:\/\/pztopatow.pl\/#organization\"},\"potentialAction\":[{\"@type\":\"SearchAction\",\"target\":{\"@type\":\"EntryPoint\",\"urlTemplate\":\"https:\/\/pztopatow.pl\/?s={search_term_string}\"},\"query-input\":{\"@type\":\"PropertyValueSpecification\",\"valueRequired\":true,\"valueName\":\"search_term_string\"}}],\"inLanguage\":\"pl-PL\"},{\"@type\":\"Organization\",\"@id\":\"https:\/\/pztopatow.pl\/#organization\",\"name\":\"Powiatowy Zak\u0142ad Transportu\",\"url\":\"https:\/\/pztopatow.pl\/\",\"logo\":{\"@type\":\"ImageObject\",\"inLanguage\":\"pl-PL\",\"@id\":\"https:\/\/pztopatow.pl\/#\/schema\/logo\/image\/\",\"url\":\"https:\/\/pztopatow.pl\/wp-content\/uploads\/2020\/06\/cropped-PZT-LOGO-Corel-X4-PNG-1.png\",\"contentUrl\":\"https:\/\/pztopatow.pl\/wp-content\/uploads\/2020\/06\/cropped-PZT-LOGO-Corel-X4-PNG-1.png\",\"width\":248,\"height\":250,\"caption\":\"Powiatowy Zak\u0142ad Transportu\"},\"image\":{\"@id\":\"https:\/\/pztopatow.pl\/#\/schema\/logo\/image\/\"}}]}<\/script>\n<!-- \/ Yoast SEO plugin. -->","yoast_head_json":{"title":"O\u017car\u00f3w - Powiatowy Zak\u0142ad Transportu","robots":{"index":"index","follow":"follow","max-snippet":"max-snippet:-1","max-image-preview":"max-image-preview:large","max-video-preview":"max-video-preview:-1"},"canonical":"https:\/\/pztopatow.pl\/index.php\/rozklad-jazdy\/ozarow\/","og_locale":"pl_PL","og_type":"article","og_title":"O\u017car\u00f3w - Powiatowy Zak\u0142ad Transportu","og_url":"https:\/\/pztopatow.pl\/index.php\/rozklad-jazdy\/ozarow\/","og_site_name":"Powiatowy Zak\u0142ad Transportu","article_modified_time":"2023-02-07T10:30:40+00:00","og_image":[{"url":"https:\/\/pzt.opatow.pl\/wp-content\/uploads\/2021\/10\/rozklad-L54-Gliniany-A5-1024x366.jpg","type":"","width":"","height":""}],"twitter_card":"summary_large_image","schema":{"@context":"https:\/\/schema.org","@graph":[{"@type":"WebPage","@id":"https:\/\/pztopatow.pl\/index.php\/rozklad-jazdy\/ozarow\/","url":"https:\/\/pztopatow.pl\/index.php\/rozklad-jazdy\/ozarow\/","name":"O\u017car\u00f3w - Powiatowy Zak\u0142ad Transportu","isPartOf":{"@id":"https:\/\/pztopatow.pl\/#website"},"primaryImageOfPage":{"@id":"https:\/\/pztopatow.pl\/index.php\/rozklad-jazdy\/ozarow\/#primaryimage"},"image":{"@id":"https:\/\/pztopatow.pl\/index.php\/rozklad-jazdy\/ozarow\/#primaryimage"},"thumbnailUrl":"https:\/\/pzt.opatow.pl\/wp-content\/uploads\/2021\/10\/rozklad-L54-Gliniany-A5-1024x366.jpg","datePublished":"2021-10-28T14:29:22+00:00","dateModified":"2023-02-07T10:30:40+00:00","breadcrumb":{"@id":"https:\/\/pztopatow.pl\/index.php\/rozklad-jazdy\/ozarow\/#breadcrumb"},"inLanguage":"pl-PL","potentialAction":[{"@type":"ReadAction","target":["https:\/\/pztopatow.pl\/index.php\/rozklad-jazdy\/ozarow\/"]}]},{"@type":"ImageObject","inLanguage":"pl-PL","@id":"https:\/\/pztopatow.pl\/index.php\/rozklad-jazdy\/ozarow\/#primaryimage","url":"https:\/\/pzt.opatow.pl\/wp-content\/uploads\/2021\/10\/rozklad-L54-Gliniany-A5-1024x366.jpg","contentUrl":"https:\/\/pzt.opatow.pl\/wp-content\/uploads\/2021\/10\/rozklad-L54-Gliniany-A5-1024x366.jpg"},{"@type":"BreadcrumbList","@id":"https:\/\/pztopatow.pl\/index.php\/rozklad-jazdy\/ozarow\/#breadcrumb","itemListElement":[{"@type":"ListItem","position":1,"name":"Strona g\u0142\u00f3wna","item":"https:\/\/pztopatow.pl\/"},{"@type":"ListItem","position":2,"name":"Linie autobusowe\/Rozk\u0142ady","item":"https:\/\/pztopatow.pl\/index.php\/rozklad-jazdy\/"},{"@type":"ListItem","position":3,"name":"O\u017car\u00f3w"}]},{"@type":"WebSite","@id":"https:\/\/pztopatow.pl\/#website","url":"https:\/\/pztopatow.pl\/","name":"Powiatowy Zak\u0142ad Transportu","description":"","publisher":{"@id":"https:\/\/pztopatow.pl\/#organization"},"potentialAction":[{"@type":"SearchAction","target":{"@type":"EntryPoint","urlTemplate":"https:\/\/pztopatow.pl\/?s={search_term_string}"},"query-input":{"@type":"PropertyValueSpecification","valueRequired":true,"valueName":"search_term_string"}}],"inLanguage":"pl-PL"},{"@type":"Organization","@id":"https:\/\/pztopatow.pl\/#organization","name":"Powiatowy Zak\u0142ad Transportu","url":"https:\/\/pztopatow.pl\/","logo":{"@type":"ImageObject","inLanguage":"pl-PL","@id":"https:\/\/pztopatow.pl\/#\/schema\/logo\/image\/","url":"https:\/\/pztopatow.pl\/wp-content\/uploads\/2020\/06\/cropped-PZT-LOGO-Corel-X4-PNG-1.png","contentUrl":"https:\/\/pztopatow.pl\/wp-content\/uploads\/2020\/06\/cropped-PZT-LOGO-Corel-X4-PNG-1.png","width":248,"height":250,"caption":"Powiatowy Zak\u0142ad Transportu"},"image":{"@id":"https:\/\/pztopatow.pl\/#\/schema\/logo\/image\/"}}]}},"_links":{"self":[{"href":"https:\/\/pztopatow.pl\/index.php\/wp-json\/wp\/v2\/pages\/1109","targetHints":{"allow":["GET"]}}],"collection":[{"href":"https:\/\/pztopatow.pl\/index.php\/wp-json\/wp\/v2\/pages"}],"about":[{"href":"https:\/\/pztopatow.pl\/index.php\/wp-json\/wp\/v2\/types\/page"}],"author":[{"embeddable":true,"href":"https:\/\/pztopatow.pl\/index.php\/wp-json\/wp\/v2\/users\/3"}],"replies":[{"embeddable":true,"href":"https:\/\/pztopatow.pl\/index.php\/wp-json\/wp\/v2\/comments?post=1109"}],"version-history":[{"count":7,"href":"https:\/\/pztopatow.pl\/index.php\/wp-json\/wp\/v2\/pages\/1109\/revisions"}],"predecessor-version":[{"id":3435,"href":"https:\/\/pztopatow.pl\/index.php\/wp-json\/wp\/v2\/pages\/1109\/revisions\/3435"}],"up":[{"embeddable":true,"href":"https:\/\/pztopatow.pl\/index.php\/wp-json\/wp\/v2\/pages\/639"}],"wp:attachment":[{"href":"https:\/\/pztopatow.pl\/index.php\/wp-json\/wp\/v2\/media?parent=1109"}],"curies":[{"name":"wp","href":"https:\/\/api.w.org\/{rel}","templated":true}]}}